{"id":5707,"date":"2019-09-06T21:37:48","date_gmt":"2019-09-06T21:37:48","guid":{"rendered":"http:\/\/techmind.mx\/?page_id=5707"},"modified":"2020-02-01T00:52:56","modified_gmt":"2020-02-01T00:52:56","slug":"nosotros","status":"publish","type":"page","link":"https:\/\/techmind.mx\/index.php\/nosotros\/","title":{"rendered":"Nosotros"},"content":{"rendered":"<p>[vc_row full_width=\u00bbstretch_row\u00bb css=\u00bb.vc_custom_1580510073390{padding-top: 75px !important;padding-bottom: 125px !important;background-color: #01bff1 !important;}\u00bb][vc_column][vc_custom_heading text=\u00bbMULTIDISCIPLINA PARA ACERCAMIENTO PRECISO\u00bb font_container=\u00bbtag:h2|font_size:16px|text_align:center|color:%23ffffff|line_height:18px\u00bb google_fonts=\u00bbfont_family:Oswald%3A300%2Cregular%2C700|font_style:400%20regular%3A400%3Anormal\u00bb css=\u00bb.vc_custom_1580517324881{padding-bottom: 15px !important;}\u00bb][vc_custom_heading text=\u00bbLos productos actuales necesitan entenderse de manera global, no desde la perspectiva de una sola disciplina.\u00bb font_container=\u00bbtag:h2|font_size:40px|text_align:center|color:%23ffffff|line_height:48px\u00bb google_fonts=\u00bbfont_family:Oswald%3A300%2Cregular%2C700|font_style:400%20regular%3A400%3Anormal\u00bb][vc_custom_heading text=\u00bbConsideramos importante que un producto sea analizado desde el punto de vista de distintas disciplinas, esto, con el objetivo de alcanzar un buen dise\u00f1o (dise\u00f1ador) que sea funcional (dise\u00f1ador industrial) que genere experiencia (creativo) y cumpla con los objetivos funcionales y de manufactura (ingeniero). El resultado, es un equipo multidisciplinario de alcance global.\u00bb font_container=\u00bbtag:p|font_size:16px|text_align:center|color:%23ffffff|line_height:22px\u00bb use_theme_fonts=\u00bbyes\u00bb css=\u00bb.vc_custom_1580517502552{padding-top: 15px !important;padding-right: 10% !important;padding-left: 10% !important;}\u00bb][\/vc_column][\/vc_row][vc_row full_width=\u00bbstretch_row_content_no_spaces\u00bb css=\u00bb.vc_custom_1580507167910{margin-top: -35px !important;}\u00bb][vc_column][vc_empty_space height=\u00bb20px\u00bb][vc_row_inner css=\u00bb.vc_custom_1580510487188{padding-right: 10% !important;padding-left: 10% !important;}\u00bb][vc_column_inner][vc_custom_heading text=\u00bbConoce al Equipo\u00bb font_container=\u00bbtag:h1|font_size:26px|text_align:center|color:%23122646|line_height:32px\u00bb google_fonts=\u00bbfont_family:Oswald%3A300%2Cregular%2C700|font_style:400%20regular%3A400%3Anormal\u00bb css=\u00bb.vc_custom_1580518340225{margin-top: 20px !important;margin-bottom: 20px !important;}\u00bb][vc_separator css=\u00bb.vc_custom_1580511302786{margin-top: 20px !important;margin-bottom: 20px !important;}\u00bb][\/vc_column_inner][\/vc_row_inner][vc_empty_space height=\u00bb20px\u00bb][vc_images_carousel images=\u00bb5696,5697,5698,5644,5645&#8243; img_size=\u00bb300&#215;400&#8243; slides_per_view=\u00bb5&#8243;][\/vc_column][\/vc_row]<\/p>\n","protected":false},"excerpt":{"rendered":"<p>[vc_row full_width=\u00bbstretch_row\u00bb css=\u00bb.vc_custom_1580510073390{padding-top: 75px !important;padding-bottom: 125px !important;background-color: #01bff1 !important;}\u00bb][vc_column][vc_custom_heading text=\u00bbMULTIDISCIPLINA PARA ACERCAMIENTO PRECISO\u00bb font_container=\u00bbtag:h2|font_size:16px|text_align:center|color:%23ffffff|line_height:18px\u00bb google_fonts=\u00bbfont_family:Oswald%3A300%2Cregular%2C700|font_style:400%20regular%3A400%3Anormal\u00bb css=\u00bb.vc_custom_1580517324881{padding-bottom: 15px !important;}\u00bb][vc_custom_heading text=\u00bbLos productos actuales necesitan entenderse de manera&#8230;<\/p>\n","protected":false},"author":1,"featured_media":0,"parent":0,"menu_order":0,"comment_status":"closed","ping_status":"closed","template":"","meta":[],"_links":{"self":[{"href":"https:\/\/techmind.mx\/index.php\/wp-json\/wp\/v2\/pages\/5707"}],"collection":[{"href":"https:\/\/techmind.mx\/index.php\/wp-json\/wp\/v2\/pages"}],"about":[{"href":"https:\/\/techmind.mx\/index.php\/wp-json\/wp\/v2\/types\/page"}],"author":[{"embeddable":true,"href":"https:\/\/techmind.mx\/index.php\/wp-json\/wp\/v2\/users\/1"}],"replies":[{"embeddable":true,"href":"https:\/\/techmind.mx\/index.php\/wp-json\/wp\/v2\/comments?post=5707"}],"version-history":[{"count":6,"href":"https:\/\/techmind.mx\/index.php\/wp-json\/wp\/v2\/pages\/5707\/revisions"}],"predecessor-version":[{"id":5823,"href":"https:\/\/techmind.mx\/index.php\/wp-json\/wp\/v2\/pages\/5707\/revisions\/5823"}],"wp:attachment":[{"href":"https:\/\/techmind.mx\/index.php\/wp-json\/wp\/v2\/media?parent=5707"}],"curies":[{"name":"wp","href":"https:\/\/api.w.org\/{rel}","templated":true}]}}