{"id":5708,"date":"2019-09-06T21:37:52","date_gmt":"2019-09-06T21:37:52","guid":{"rendered":"http:\/\/techmind.mx\/?page_id=5708"},"modified":"2021-11-30T23:12:38","modified_gmt":"2021-11-30T23:12:38","slug":"contacto","status":"publish","type":"page","link":"https:\/\/techmind.mx\/index.php\/contacto\/","title":{"rendered":"Contacto"},"content":{"rendered":"<p>[vc_row full_width=\u00bbstretch_row\u00bb et_uniqid=\u00bbet_custom_uniqid_5ed23969034e9&#8243; css=\u00bb.vc_custom_1590835578476{padding-top: 75px !important;padding-bottom: 125px !important;background-color: rgba(1,191,241,0.75) !important;*background-color: rgb(1,191,241) !important;}\u00bb _et_uniqid=\u00bbet_custom_uniqid_new_5ed239691ebc0&#8243;][vc_column][vc_custom_heading text=\u00bb\u00bb font_container=\u00bbtag:h2|font_size:16px|text_align:center|color:%23ffffff|line_height:18px\u00bb google_fonts=\u00bbfont_family:Oswald%3A300%2Cregular%2C700|font_style:400%20regular%3A400%3Anormal\u00bb css=\u00bb.vc_custom_1580521921643{padding-bottom: 15px !important;}\u00bb][vc_custom_heading text=\u00bbNOS ENCONTRAMOS A UN MENSAJE O UNA LLAMADA, DE INICIAR TU GRAN IDEA\u00bb font_container=\u00bbtag:h2|font_size:40px|text_align:center|color:%23ffffff|line_height:48px\u00bb google_fonts=\u00bbfont_family:Oswald%3A300%2Cregular%2C700|font_style:400%20regular%3A400%3Anormal\u00bb][vc_custom_heading text=\u00bbNos encantar\u00e1 conocerte. Nos gusta escuchar un nuevo proyecto y planear el camino con el cual lo haremos realidad. Estamos listos para comenzar.\u00bb font_container=\u00bbtag:p|font_size:16px|text_align:center|color:%23ffffff|line_height:22px\u00bb use_theme_fonts=\u00bbyes\u00bb css=\u00bb.vc_custom_1590830201437{padding-top: 15px !important;padding-right: 10% !important;padding-left: 10% !important;}\u00bb][vc_row_inner et_uniqid=\u00bbet_custom_uniqid_5ec3a3b089389&#8243; css=\u00bb.vc_custom_1589880496990{padding-right: 8% !important;padding-left: 8% !important;}\u00bb _et_uniqid=\u00bbet_custom_uniqid_new_5ec3a6a77bb8a\u00bb][vc_column_inner width=\u00bb1\/4&#8243;]<div data-id=\"mpc_icon_column-626a06c4b65c191\" class=\"mpc-icon-column mpc-init mpc-parent-hover mpc-transition mpc-icon-column--style_1 mpc-align--center \" ><div data-id=\"mpc_icon-666a06c4b65c1e4\" class=\"mpc-icon mpc-init mpc-transition mpc-effect-none mpc-icon-hover \"><div class=\"mpc-icon-wrap\"><i class=\"mpc-icon-part mpc-regular mpc-transition  fa fa-phone\"><\/i><i class=\"mpc-icon-part mpc-hover mpc-transition  fa fa-phone\"><\/i><\/div><\/div><div class=\"mpc-icon-column__content-wrap\"><div class=\"mpc-icon-column__content\"><h3 class=\"mpc-icon-column__heading mpc-transition\">Tel\u00e9fono<\/h3><div data-id=\"mpc_divider-46a06c4b65c210\" class=\"mpc-divider-wrap\"><div class=\"mpc-divider mpc-init mpc-align--center mpc-disable--left \" ><div class=\"mpc-divider__line mpc-side--left\"><span><\/span><\/div><div class=\"mpc-divider__line mpc-side--right\"><span><\/span><\/div><\/div><\/div><div class=\"mpc-icon-column__description mpc-transition\"><p>33 1512 9290<\/p>\n<\/div><\/div><\/div><\/div>[\/vc_column_inner][vc_column_inner width=\u00bb1\/4&#8243;]<div data-id=\"mpc_icon_column-776a06c4b65c297\" class=\"mpc-icon-column mpc-init mpc-parent-hover mpc-transition mpc-icon-column--style_1 mpc-align--center \" ><div data-id=\"mpc_icon-206a06c4b65c2bd\" class=\"mpc-icon mpc-init mpc-transition mpc-effect-none mpc-icon-hover \"><div class=\"mpc-icon-wrap\"><i class=\"mpc-icon-part mpc-regular mpc-transition  fa fa-at\"><\/i><i class=\"mpc-icon-part mpc-hover mpc-transition  fa fa-at\"><\/i><\/div><\/div><div class=\"mpc-icon-column__content-wrap\"><div class=\"mpc-icon-column__content\"><h3 class=\"mpc-icon-column__heading mpc-transition\">E-mail<\/h3><div data-id=\"mpc_divider-316a06c4b65c2d6\" class=\"mpc-divider-wrap\"><div class=\"mpc-divider mpc-init mpc-align--center mpc-disable--left \" ><div class=\"mpc-divider__line mpc-side--left\"><span><\/span><\/div><div class=\"mpc-divider__line mpc-side--right\"><span><\/span><\/div><\/div><\/div><div class=\"mpc-icon-column__description mpc-transition\"><p>info@techmind.mx<\/p>\n<\/div><\/div><\/div><\/div>[\/vc_column_inner][vc_column_inner width=\u00bb1\/4&#8243;]<div data-id=\"mpc_icon_column-226a06c4b65c32d\" class=\"mpc-icon-column mpc-init mpc-parent-hover mpc-transition mpc-icon-column--style_1 mpc-align--center \" ><div data-id=\"mpc_icon-776a06c4b65c347\" class=\"mpc-icon mpc-init mpc-transition mpc-effect-none mpc-icon-hover \"><div class=\"mpc-icon-wrap\"><i class=\"mpc-icon-part mpc-regular mpc-transition  fa fa-whatsapp\"><\/i><i class=\"mpc-icon-part mpc-hover mpc-transition  fa fa-whatsapp\"><\/i><\/div><\/div><div class=\"mpc-icon-column__content-wrap\"><div class=\"mpc-icon-column__content\"><h3 class=\"mpc-icon-column__heading mpc-transition\">Whatsapp<\/h3><div data-id=\"mpc_divider-586a06c4b65c360\" class=\"mpc-divider-wrap\"><div class=\"mpc-divider mpc-init mpc-align--center mpc-disable--left \" ><div class=\"mpc-divider__line mpc-side--left\"><span><\/span><\/div><div class=\"mpc-divider__line mpc-side--right\"><span><\/span><\/div><\/div><\/div><div class=\"mpc-icon-column__description mpc-transition\"><p>33 1512 9290<\/p>\n<\/div><\/div><\/div><\/div>[\/vc_column_inner][vc_column_inner width=\u00bb1\/4&#8243;]<div data-id=\"mpc_icon_column-406a06c4b65c3b2\" class=\"mpc-icon-column mpc-init mpc-parent-hover mpc-transition mpc-icon-column--style_1 mpc-align--center \" ><div data-id=\"mpc_icon-376a06c4b65c3cc\" class=\"mpc-icon mpc-init mpc-transition mpc-effect-none mpc-icon-hover \"><div class=\"mpc-icon-wrap\"><i class=\"mpc-icon-part mpc-regular mpc-transition  fa fa-location-arrow\"><\/i><i class=\"mpc-icon-part mpc-hover mpc-transition  fa fa-location-arrow\"><\/i><\/div><\/div><div class=\"mpc-icon-column__content-wrap\"><div class=\"mpc-icon-column__content\"><h3 class=\"mpc-icon-column__heading mpc-transition\">Direcci\u00f3n<\/h3><div data-id=\"mpc_divider-476a06c4b65c3e3\" class=\"mpc-divider-wrap\"><div class=\"mpc-divider mpc-init mpc-align--center mpc-disable--left \" ><div class=\"mpc-divider__line mpc-side--left\"><span><\/span><\/div><div class=\"mpc-divider__line mpc-side--right\"><span><\/span><\/div><\/div><\/div><div class=\"mpc-icon-column__description mpc-transition\"><p>Calle San Gabriel 3110- A<\/p>\n<\/div><\/div><\/div><\/div>[\/vc_column_inner][\/vc_row_inner][\/vc_column][\/vc_row][vc_row full_width=\u00bbstretch_row_content_no_spaces\u00bb css=\u00bb.vc_custom_1580507167910{margin-top: -35px !important;}\u00bb][vc_column width=\u00bb1\/2&#8243;][vc_empty_space height=\u00bb20px\u00bb][vc_row_inner css=\u00bb.vc_custom_1580510487188{padding-right: 10% !important;padding-left: 10% !important;}\u00bb][vc_column_inner][vc_custom_heading text=\u00bbEnv\u00edanos un Mensaje\u00bb font_container=\u00bbtag:h1|font_size:26px|text_align:center|color:%23122646|line_height:32px\u00bb google_fonts=\u00bbfont_family:Oswald%3A300%2Cregular%2C700|font_style:400%20regular%3A400%3Anormal\u00bb css=\u00bb.vc_custom_1589880933608{margin-top: 20px !important;margin-bottom: 20px !important;}\u00bb][vc_separator css=\u00bb.vc_custom_1580511302786{margin-top: 20px !important;margin-bottom: 20px !important;}\u00bb][vc_column_text]Ser\u00e1 un gusto saber m\u00e1s de tu proyecto. Env\u00edanos un mensaje llenando la siguiente forma de contacto.[\/vc_column_text][vc_column_text css=\u00bb.vc_custom_1589879940400{margin-top: 25px !important;}\u00bb]<div id=\"quform-092349\" class=\"quform quform-2 quform-support-page-caching\"><form id=\"quform-form-092349\" class=\"quform-form quform-form-2\" action=\"\/index.php\/wp-json\/wp\/v2\/pages\/5708#quform-092349\" method=\"post\" enctype=\"multipart\/form-data\" novalidate=\"novalidate\" data-options=\"{&quot;id&quot;:2,&quot;uniqueId&quot;:&quot;092349&quot;,&quot;theme&quot;:&quot;&quot;,&quot;ajax&quot;:true,&quot;logic&quot;:{&quot;logic&quot;:[],&quot;dependents&quot;:[],&quot;elementIds&quot;:[],&quot;dependentElementIds&quot;:[],&quot;animate&quot;:true},&quot;currentPageId&quot;:1,&quot;errorsIcon&quot;:&quot;&quot;,&quot;updateFancybox&quot;:true,&quot;hasPages&quot;:false,&quot;pages&quot;:[1],&quot;pageProgressType&quot;:&quot;numbers&quot;,&quot;tooltipsEnabled&quot;:true,&quot;tooltipClasses&quot;:&quot;qtip-quform-dark qtip-shadow&quot;,&quot;tooltipMy&quot;:&quot;left center&quot;,&quot;tooltipAt&quot;:&quot;right center&quot;,&quot;isRtl&quot;:false,&quot;scrollOffset&quot;:-50,&quot;scrollSpeed&quot;:800}\"><button class=\"quform-default-submit\" name=\"quform_submit\" type=\"submit\" value=\"submit\"><\/button><div class=\"quform-form-inner quform-form-inner-2\"><input type=\"hidden\" name=\"quform_form_id\" value=\"2\" \/><input type=\"hidden\" name=\"quform_form_uid\" value=\"092349\" \/><input type=\"hidden\" name=\"quform_count\" value=\"1\" \/><input type=\"hidden\" name=\"form_url\" value=\"https:\/\/techmind.mx\/index.php\/wp-json\/wp\/v2\/pages\/5708\" \/><input type=\"hidden\" name=\"referring_url\" value=\"\" \/><input type=\"hidden\" name=\"post_id\" value=\"\" \/><input type=\"hidden\" name=\"post_title\" value=\"\" \/><input type=\"hidden\" name=\"quform_current_page_id\" value=\"1\" \/><input type=\"hidden\" name=\"quform_csrf_token\" value=\"lfwTubi8QN6AGeciRHvOrjHXCRgmSN7bzz0rQVha\" \/><div class=\"quform-elements quform-elements-2 quform-cf quform-responsive-elements-phone-landscape\"><div class=\"quform-element quform-element-page quform-page-1 quform-page-2_1 quform-cf quform-group-style-plain quform-first-page quform-last-page quform-current-page\"><div class=\"quform-child-elements\"><div class=\"quform-element quform-element-row quform-element-row-2_7 quform-2-columns quform-element-row-size-fixed quform-responsive-columns-phone-landscape\"><div class=\"quform-element quform-element-column quform-element-2_8\"><div class=\"quform-element quform-element-text quform-element-2_5 quform-cf quform-element-required\"><div class=\"quform-spacer\"><div class=\"quform-inner quform-inner-text quform-inner-2_5\"><div class=\"quform-input quform-input-text quform-input-2_5 quform-cf\"><input type=\"text\" id=\"quform_2_5_092349\" name=\"quform_2_5\" class=\"quform-field quform-field-text quform-field-2_5\" placeholder=\"Nombre (necesario)\" \/><\/div><\/div><\/div><\/div><\/div><div class=\"quform-element quform-element-column quform-element-2_9\"><div class=\"quform-element quform-element-text quform-element-2_6 quform-cf quform-element-required\"><div class=\"quform-spacer\"><div class=\"quform-inner quform-inner-text quform-inner-2_6\"><div class=\"quform-input quform-input-text quform-input-2_6 quform-cf\"><input type=\"text\" id=\"quform_2_6_092349\" name=\"quform_2_6\" class=\"quform-field quform-field-text quform-field-2_6\" placeholder=\"Tel\u00e9fono (necesario)\" \/><\/div><\/div><\/div><\/div><\/div><\/div><div class=\"quform-element quform-element-row quform-element-row-2_13 quform-2-columns quform-element-row-size-fixed quform-responsive-columns-phone-landscape\"><div class=\"quform-element quform-element-column quform-element-2_14\"><div class=\"quform-element quform-element-email quform-element-2_16 quform-cf quform-element-required\"><div class=\"quform-spacer\"><div class=\"quform-inner quform-inner-email quform-inner-2_16\"><div class=\"quform-input quform-input-email quform-input-2_16 quform-cf\"><input type=\"email\" id=\"quform_2_16_092349\" name=\"quform_2_16\" class=\"quform-field quform-field-email quform-field-2_16\" placeholder=\"Email (necesario)\" \/><\/div><\/div><\/div><\/div><\/div><div class=\"quform-element quform-element-column quform-element-2_17\"><\/div><\/div><div class=\"quform-element quform-element-textarea quform-element-2_4 quform-cf quform-element-optional\"><div class=\"quform-spacer\"><div class=\"quform-inner quform-inner-textarea quform-inner-2_4\"><div class=\"quform-input quform-input-textarea quform-input-2_4 quform-cf\"><textarea id=\"quform_2_4_092349\" name=\"quform_2_4\" class=\"quform-field quform-field-textarea quform-field-2_4\" placeholder=\"Mensaje, consulta o necesidad\"><\/textarea><\/div><\/div><\/div><\/div><div class=\"quform-element quform-element-submit quform-element-2_2 quform-cf quform-button-style-theme\"><div class=\"quform-button-submit quform-button-submit-default quform-button-submit-2_2\"><button name=\"quform_submit\" type=\"submit\" class=\"quform-submit\" value=\"submit\"><span class=\"quform-button-text quform-button-submit-text\">Enviar<\/span><\/button><\/div><div class=\"quform-loading quform-loading-position-left quform-loading-type-spinner-1\"><div class=\"quform-loading-inner\"><div class=\"quform-loading-spinner\"><div class=\"quform-loading-spinner-inner\"><\/div><\/div><\/div><\/div><\/div><div class=\"quform-element-tree\"><label for=\"quform_2_0_092349\">This field should be left blank<\/label><input type=\"text\" id=\"quform_2_0_092349\" name=\"quform_2_0\" class=\"quform-field quform-field-tree quform-field-2_0\" tabindex=\"-1\" autocomplete=\"off\" \/><\/div><\/div><\/div><\/div><\/div><\/form><\/div>[\/vc_column_text][\/vc_column_inner][\/vc_row_inner][vc_empty_space height=\u00bb20px\u00bb][\/vc_column][vc_column width=\u00bb1\/2&#8243;][vc_gmaps link=\u00bb#E-8_JTNDaWZyYW1lJTIwc3JjJTNEJTIyaHR0cHMlM0ElMkYlMkZ3d3cuZ29vZ2xlLmNvbSUyRm1hcHMlMkZlbWJlZCUzRnBiJTNEJTIxMW0xOCUyMTFtMTIlMjExbTMlMjExZDM3MzIuOTg3NDA1NDgxOTg4NCUyMTJkLTEwMy4zOTM3NTI2ODUwNzMzNCUyMTNkMjAuNjcwMDkxMzg2MTkzNzkzJTIxMm0zJTIxMWYwJTIxMmYwJTIxM2YwJTIxM20yJTIxMWkxMDI0JTIxMmk3NjglMjE0ZjEzLjElMjEzbTMlMjExbTIlMjExczB4ODQyOGFlNzBlZTdlMTI4ZiUyNTNBMHhjOTY4MmQxZjQyZWViOTZmJTIxMnNDYWxsZSUyNTIwZGUlMjUyMFNhbiUyNTIwR2FicmllbCUyNTIwMzExMCUyNTJDJTI1MjBWYWxsYXJ0YSUyNTIwU3VyJTI1MkMlMjUyMDQ0NTAwJTI1MjBHdWFkYWxhamFyYSUyNTJDJTI1MjBKYWwuJTIxNWUwJTIxM20yJTIxMXNlbiUyMTJzbXglMjE0djE1OTA4Mjc0MDI3MzIlMjE1bTIlMjExc2VuJTIxMnNteCUyMiUyMHdpZHRoJTNEJTIyNjAwJTIyJTIwaGVpZ2h0JTNEJTIyNDUwJTIyJTIwZnJhbWVib3JkZXIlM0QlMjIwJTIyJTIwc3R5bGUlM0QlMjJib3JkZXIlM0EwJTNCJTIyJTIwYWxsb3dmdWxsc2NyZWVuJTNEJTIyJTIyJTIwYXJpYS1oaWRkZW4lM0QlMjJmYWxzZSUyMiUyMHRhYmluZGV4JTNEJTIyMCUyMiUzRSUzQyUyRmlmcmFtZSUzRQ==\u00bb size=\u00bb800px\u00bb][\/vc_column][\/vc_row]<\/p>\n","protected":false},"excerpt":{"rendered":"<p>[vc_row full_width=\u00bbstretch_row\u00bb et_uniqid=\u00bbet_custom_uniqid_5ed23969034e9&#8243; css=\u00bb.vc_custom_1590835578476{padding-top: 75px !important;padding-bottom: 125px !important;background-color: rgba(1,191,241,0.75) !important;*background-color: rgb(1,191,241) !important;}\u00bb _et_uniqid=\u00bbet_custom_uniqid_new_5ed239691ebc0&#8243;][vc_column][vc_custom_heading text=\u00bb\u00bb font_container=\u00bbtag:h2|font_size:16px|text_align:center|color:%23ffffff|line_height:18px\u00bb google_fonts=\u00bbfont_family:Oswald%3A300%2Cregular%2C700|font_style:400%20regular%3A400%3Anormal\u00bb css=\u00bb.vc_custom_1580521921643{padding-bottom: 15px !important;}\u00bb][vc_custom_heading text=\u00bbNOS ENCONTRAMOS A UN MENSAJE O&#8230;<\/p>\n","protected":false},"author":1,"featured_media":0,"parent":0,"menu_order":0,"comment_status":"closed","ping_status":"closed","template":"","meta":[],"_links":{"self":[{"href":"https:\/\/techmind.mx\/index.php\/wp-json\/wp\/v2\/pages\/5708"}],"collection":[{"href":"https:\/\/techmind.mx\/index.php\/wp-json\/wp\/v2\/pages"}],"about":[{"href":"https:\/\/techmind.mx\/index.php\/wp-json\/wp\/v2\/types\/page"}],"author":[{"embeddable":true,"href":"https:\/\/techmind.mx\/index.php\/wp-json\/wp\/v2\/users\/1"}],"replies":[{"embeddable":true,"href":"https:\/\/techmind.mx\/index.php\/wp-json\/wp\/v2\/comments?post=5708"}],"version-history":[{"count":16,"href":"https:\/\/techmind.mx\/index.php\/wp-json\/wp\/v2\/pages\/5708\/revisions"}],"predecessor-version":[{"id":6072,"href":"https:\/\/techmind.mx\/index.php\/wp-json\/wp\/v2\/pages\/5708\/revisions\/6072"}],"wp:attachment":[{"href":"https:\/\/techmind.mx\/index.php\/wp-json\/wp\/v2\/media?parent=5708"}],"curies":[{"name":"wp","href":"https:\/\/api.w.org\/{rel}","templated":true}]}}