{"id":5711,"date":"2019-09-06T21:38:23","date_gmt":"2019-09-06T21:38:23","guid":{"rendered":"http:\/\/techmind.mx\/?page_id=5711"},"modified":"2020-05-30T09:57:07","modified_gmt":"2020-05-30T09:57:07","slug":"prototipado-de-producto","status":"publish","type":"page","link":"https:\/\/techmind.mx\/index.php\/prototipado-de-producto\/","title":{"rendered":"Prototipado de Producto"},"content":{"rendered":"<p>[vc_row full_width=\u00bbstretch_row\u00bb css=\u00bb.vc_custom_1580510073390{padding-top: 75px !important;padding-bottom: 125px !important;background-color: #01bff1 !important;}\u00bb][vc_column][vc_custom_heading text=\u00bbPROTOTIPADO DE PRODUCTO\u00bb font_container=\u00bbtag:h2|font_size:16px|text_align:center|color:%23ffffff|line_height:18px\u00bb google_fonts=\u00bbfont_family:Oswald%3A300%2Cregular%2C700|font_style:400%20regular%3A400%3Anormal\u00bb css=\u00bb.vc_custom_1590170291874{padding-bottom: 15px !important;}\u00bb][vc_custom_heading text=\u00bbSENTIR, MOVER, TOCAR Y VER COMO SER\u00c1 TU PRODUCTO ANTES DE MANDARLO A PRODUCCI\u00d3N\u00bb font_container=\u00bbtag:h2|font_size:48px|text_align:center|color:%23ffffff|line_height:58px\u00bb use_theme_fonts=\u00bbyes\u00bb][vc_custom_heading text=\u00bbLa tecnolog\u00eda actualmente nos permite generar una gran variedad de prototipos de bajo costo para analizar distintos aspectos de un producto futuro, evaluar resultados e incluso atraer inversionistas a proyectos. |\u00bb font_container=\u00bbtag:p|font_size:16px|text_align:center|color:%23ffffff|line_height:22px\u00bb use_theme_fonts=\u00bbyes\u00bb css=\u00bb.vc_custom_1590561757698{padding-top: 15px !important;padding-right: 10% !important;padding-left: 10% !important;}\u00bb][\/vc_column][\/vc_row][vc_row full_width=\u00bbstretch_row_content_no_spaces\u00bb css=\u00bb.vc_custom_1580507167910{margin-top: -35px !important;}\u00bb][vc_column width=\u00bb1\/2&#8243;][vc_single_image image=\u00bb5896&#8243; img_size=\u00bbfull\u00bb alignment=\u00bbcenter\u00bb css=\u00bb.vc_custom_1590170793276{margin-top: -25px !important;}\u00bb][\/vc_column][vc_column width=\u00bb1\/2&#8243; css=\u00bb.vc_custom_1580510498029{padding-top: 75px !important;padding-bottom: 75px !important;}\u00bb][vc_empty_space height=\u00bb20px\u00bb][vc_row_inner css=\u00bb.vc_custom_1580510487188{padding-right: 10% !important;padding-left: 10% !important;}\u00bb][vc_column_inner][vc_custom_heading text=\u00bbModelos de Apariencia\u00bb font_container=\u00bbtag:h2|font_size:26px|text_align:center|color:%23122646|line_height:32px\u00bb use_theme_fonts=\u00bbyes\u00bb][vc_separator css=\u00bb.vc_custom_1580511302786{margin-top: 20px !important;margin-bottom: 20px !important;}\u00bb][vc_custom_heading text=\u00bbUsamos herramientas CAD para simular las condiciones a las que ser\u00e1 sometido el producto en su proceso de fabricaci\u00f3n y posterior uso, disminuyendo de manera importante la probabilidad de fallas.\u00bb font_container=\u00bbtag:p|font_size:16px|text_align:center|color:%23555555|line_height:22px\u00bb use_theme_fonts=\u00bbyes\u00bb][vc_column_text css=\u00bb.vc_custom_1590561868062{padding-right: 5% !important;padding-left: 5% !important;}\u00bb]<\/p>\n<p style=\"text-align: center;\">Los modelos de apariencia se encuentran dise\u00f1ados con el \u00fanico objetivo de ver y percibir tu objeto con la misma apariencia que tendr\u00e1 al final de su producci\u00f3n.<\/p>\n<p style=\"text-align: center;\">Los modelos de apariencia nos permiten visualizar texturas y colores, a fin de evaluar su aspecto visual al 100%, dando la apariencia de ser el producto final.<\/p>\n<p>[\/vc_column_text][vc_empty_space height=\u00bb20px\u00bb][vc_btn title=\u00bbCont\u00e1ctanos\u00bb style=\u00bboutline\u00bb shape=\u00bbsquare\u00bb color=\u00bbinverse\u00bb align=\u00bbcenter\u00bb link=\u00bburl:http%3A%2F%2Ftechmind.mx%2Findex.php%2Fcontacto%2F|||\u00bb][\/vc_column_inner][\/vc_row_inner][\/vc_column][\/vc_row][vc_row full_width=\u00bbstretch_row_content_no_spaces\u00bb css=\u00bb.vc_custom_1580507167910{margin-top: -35px !important;}\u00bb][vc_column width=\u00bb1\/2&#8243; css=\u00bb.vc_custom_1580511928794{padding-top: 75px !important;padding-bottom: 75px !important;}\u00bb][vc_row_inner css=\u00bb.vc_custom_1580510487188{padding-right: 10% !important;padding-left: 10% !important;}\u00bb][vc_column_inner][vc_custom_heading text=\u00bbModelos Funcionales\u00bb font_container=\u00bbtag:h2|font_size:26px|text_align:center|color:%23122646|line_height:32px\u00bb use_theme_fonts=\u00bbyes\u00bb][vc_separator css=\u00bb.vc_custom_1580511302786{margin-top: 20px !important;margin-bottom: 20px !important;}\u00bb][vc_column_text css=\u00bb.vc_custom_1590562102266{padding-right: 5% !important;padding-left: 5% !important;}\u00bb]<\/p>\n<div class=\"wpb_text_column wpb_content_element vc_custom_1590170440315\">\n<div class=\"wpb_wrapper\">\n<p style=\"text-align: center;\">Los modelos funcionales buscan analizar que el comportamiento de los mecanismos, electr\u00f3nicos, perif\u00e9ricos, interfaces, etc\u00e9tera, ser\u00e1n justo como se planea, para que su funcionamiento sea perfecto en el producto final.<\/p>\n<p style=\"text-align: center;\">En ocasiones, pueden contar con una estructura m\u00ednima y tener como objetivo analizar el comportamiento de un componente espec\u00edfico, o bien, montarse en un modelo de apariencia para evaluar el funcionamiento con su apariencia final.<\/p>\n<\/div>\n<\/div>\n<p>[\/vc_column_text][vc_empty_space height=\u00bb20px\u00bb][vc_btn title=\u00bbCont\u00e1ctanos\u00bb style=\u00bboutline\u00bb shape=\u00bbsquare\u00bb color=\u00bbinverse\u00bb align=\u00bbcenter\u00bb link=\u00bburl:http%3A%2F%2Ftechmind.mx%2Findex.php%2Fcontacto%2F|||\u00bb][\/vc_column_inner][\/vc_row_inner][\/vc_column][vc_column width=\u00bb1\/2&#8243;][vc_single_image image=\u00bb5899&#8243; img_size=\u00bbfull\u00bb alignment=\u00bbcenter\u00bb css=\u00bb.vc_custom_1590170958983{margin-top: -25px !important;}\u00bb][\/vc_column][\/vc_row][vc_row full_width=\u00bbstretch_row_content_no_spaces\u00bb css=\u00bb.vc_custom_1580507167910{margin-top: -35px !important;}\u00bb][vc_column width=\u00bb1\/2&#8243;][vc_single_image image=\u00bb5900&#8243; img_size=\u00bbfull\u00bb alignment=\u00bbcenter\u00bb css=\u00bb.vc_custom_1590171154825{margin-top: -25px !important;}\u00bb][\/vc_column][vc_column width=\u00bb1\/2&#8243; css=\u00bb.vc_custom_1580510498029{padding-top: 75px !important;padding-bottom: 75px !important;}\u00bb][vc_empty_space height=\u00bb20px\u00bb][vc_row_inner css=\u00bb.vc_custom_1580510487188{padding-right: 10% !important;padding-left: 10% !important;}\u00bb][vc_column_inner][vc_custom_heading text=\u00bbEstudios de Volumen\u00bb font_container=\u00bbtag:h2|font_size:26px|text_align:center|color:%23122646|line_height:32px\u00bb use_theme_fonts=\u00bbyes\u00bb][vc_separator css=\u00bb.vc_custom_1580511302786{margin-top: 20px !important;margin-bottom: 20px !important;}\u00bb][vc_column_text css=\u00bb.vc_custom_1590170474154{padding-right: 5% !important;padding-left: 5% !important;}\u00bb]<\/p>\n<p style=\"text-align: center;\">Analizar el volumen y espacio que requerir\u00e1 un producto, as\u00ed como su adaptabilidad y comodidad para el usuario al que va dirigido (desde ergonom\u00eda hasta facilidad de colocaci\u00f3n) puede ser una de las decisiones clave de un desarrollo.<\/p>\n<p style=\"text-align: center;\">Con procesos que van desde el prototipado de cart\u00f3n hasta el modelado en m\u00e1quinas de CNC, los estudios de volumen nos permitir\u00e1n ofrecer una idea clara de la forma y espacio de un producto.<\/p>\n<p>[\/vc_column_text][vc_empty_space height=\u00bb20px\u00bb][vc_btn title=\u00bbCont\u00e1ctanos\u00bb style=\u00bboutline\u00bb shape=\u00bbsquare\u00bb color=\u00bbinverse\u00bb align=\u00bbcenter\u00bb link=\u00bburl:http%3A%2F%2Ftechmind.mx%2Findex.php%2Fcontacto%2F|||\u00bb][\/vc_column_inner][\/vc_row_inner][\/vc_column][\/vc_row][vc_row full_width=\u00bbstretch_row_content_no_spaces\u00bb css=\u00bb.vc_custom_1580507167910{margin-top: -35px !important;}\u00bb][vc_column width=\u00bb1\/2&#8243; css=\u00bb.vc_custom_1580511928794{padding-top: 75px !important;padding-bottom: 75px !important;}\u00bb][vc_row_inner css=\u00bb.vc_custom_1580510487188{padding-right: 10% !important;padding-left: 10% !important;}\u00bb][vc_column_inner][vc_custom_heading text=\u00bbDise\u00f1o Electr\u00f3nico\u00bb font_container=\u00bbtag:h2|font_size:26px|text_align:center|color:%23122646|line_height:32px\u00bb use_theme_fonts=\u00bbyes\u00bb][vc_separator css=\u00bb.vc_custom_1580511302786{margin-top: 20px !important;margin-bottom: 20px !important;}\u00bb][vc_column_text css=\u00bb.vc_custom_1590832625134{padding-right: 5% !important;padding-left: 5% !important;}\u00bb]<\/p>\n<p style=\"text-align: center;\">En productos con componentes electr\u00f3nicos, en una primera etapa es posible analizar su funcionamiento con sistemas de c\u00f3digo abierto o tarjetas dise\u00f1adas de manera particular para asegurar el comportamiento adecuado del Hardware que utilizar\u00e1 el producto.<\/p>\n<p style=\"text-align: center;\">Desde la implementaci\u00f3n de dispositivos de bajo costo como Raspberry Pi o Arduino, <span class=\"TextRun SCXW87300403 BCX0\" lang=\"ES-ES\" xml:lang=\"ES-ES\" data-contrast=\"auto\"><span class=\"NormalTextRun SCXW87300403 BCX0\">hasta el dise\u00f1o con normas IPC de una tarjeta electr\u00f3nica PCB (printed circuit board) con la integraci\u00f3n y programaci\u00f3n de un microcontrolador especializado en la aplicaci\u00f3n<\/span><\/span><span class=\"EOP SCXW87300403 BCX0\" data-ccp-props=\"{&quot;201341983&quot;:0,&quot;335551550&quot;:6,&quot;335551620&quot;:6,&quot;335559739&quot;:160,&quot;335559740&quot;:259}\">\u00a0<\/span><\/p>\n<p>[\/vc_column_text][vc_empty_space height=\u00bb20px\u00bb][vc_btn title=\u00bbCont\u00e1ctanos\u00bb style=\u00bboutline\u00bb shape=\u00bbsquare\u00bb color=\u00bbinverse\u00bb align=\u00bbcenter\u00bb link=\u00bburl:http%3A%2F%2Ftechmind.mx%2Findex.php%2Fcontacto%2F|||\u00bb][\/vc_column_inner][\/vc_row_inner][\/vc_column][vc_column width=\u00bb1\/2&#8243;][vc_single_image image=\u00bb5898&#8243; img_size=\u00bbfull\u00bb alignment=\u00bbcenter\u00bb css=\u00bb.vc_custom_1590170855807{margin-top: -25px !important;}\u00bb][\/vc_column][\/vc_row]<\/p>\n","protected":false},"excerpt":{"rendered":"<p>[vc_row full_width=\u00bbstretch_row\u00bb css=\u00bb.vc_custom_1580510073390{padding-top: 75px !important;padding-bottom: 125px !important;background-color: #01bff1 !important;}\u00bb][vc_column][vc_custom_heading text=\u00bbPROTOTIPADO DE PRODUCTO\u00bb font_container=\u00bbtag:h2|font_size:16px|text_align:center|color:%23ffffff|line_height:18px\u00bb google_fonts=\u00bbfont_family:Oswald%3A300%2Cregular%2C700|font_style:400%20regular%3A400%3Anormal\u00bb css=\u00bb.vc_custom_1590170291874{padding-bottom: 15px !important;}\u00bb][vc_custom_heading text=\u00bbSENTIR, MOVER, TOCAR Y VER COMO SER\u00c1 TU&#8230;<\/p>\n","protected":false},"author":1,"featured_media":0,"parent":0,"menu_order":0,"comment_status":"closed","ping_status":"closed","template":"","meta":[],"_links":{"self":[{"href":"https:\/\/techmind.mx\/index.php\/wp-json\/wp\/v2\/pages\/5711"}],"collection":[{"href":"https:\/\/techmind.mx\/index.php\/wp-json\/wp\/v2\/pages"}],"about":[{"href":"https:\/\/techmind.mx\/index.php\/wp-json\/wp\/v2\/types\/page"}],"author":[{"embeddable":true,"href":"https:\/\/techmind.mx\/index.php\/wp-json\/wp\/v2\/users\/1"}],"replies":[{"embeddable":true,"href":"https:\/\/techmind.mx\/index.php\/wp-json\/wp\/v2\/comments?post=5711"}],"version-history":[{"count":9,"href":"https:\/\/techmind.mx\/index.php\/wp-json\/wp\/v2\/pages\/5711\/revisions"}],"predecessor-version":[{"id":6005,"href":"https:\/\/techmind.mx\/index.php\/wp-json\/wp\/v2\/pages\/5711\/revisions\/6005"}],"wp:attachment":[{"href":"https:\/\/techmind.mx\/index.php\/wp-json\/wp\/v2\/media?parent=5711"}],"curies":[{"name":"wp","href":"https:\/\/api.w.org\/{rel}","templated":true}]}}