{"id":5722,"date":"2019-09-06T21:39:11","date_gmt":"2019-09-06T21:39:11","guid":{"rendered":"http:\/\/techmind.mx\/?page_id=5722"},"modified":"2020-05-30T09:56:00","modified_gmt":"2020-05-30T09:56:00","slug":"validacion-de-manufactura","status":"publish","type":"page","link":"https:\/\/techmind.mx\/index.php\/validacion-de-manufactura\/","title":{"rendered":"Validaci\u00f3n de Manufactura y Comercializaci\u00f3n"},"content":{"rendered":"<p>[vc_row full_width=\u00bbstretch_row\u00bb css=\u00bb.vc_custom_1580510073390{padding-top: 75px !important;padding-bottom: 125px !important;background-color: #01bff1 !important;}\u00bb][vc_column][vc_custom_heading text=\u00bbVALIDACI\u00d3N DE MANUFACTURA Y COMERCIALIZACI\u00d3N\u00bb font_container=\u00bbtag:h2|font_size:16px|text_align:center|color:%23ffffff|line_height:18px\u00bb google_fonts=\u00bbfont_family:Oswald%3A300%2Cregular%2C700|font_style:400%20regular%3A400%3Anormal\u00bb css=\u00bb.vc_custom_1590164330257{padding-bottom: 15px !important;}\u00bb][vc_custom_heading text=\u00bbDEJAMOS TU PRODUCTO LISTO PARA SU PROCESO Y L\u00cdNEA DE PRODUCCI\u00d3N\u00bb font_container=\u00bbtag:h2|font_size:48px|text_align:center|color:%23ffffff|line_height:58px\u00bb use_theme_fonts=\u00bbyes\u00bb][vc_custom_heading text=\u00bbSabemos que llevar una idea del prototipo a la manufactura, requiere de afinar detalles de gran importancia para que su implementaci\u00f3n sea adecuada. Usando herramientas altamente avanzadas simulamos los procesos a los que ser\u00e1 sometido un producto para su fabricaci\u00f3n.\u00bb font_container=\u00bbtag:p|font_size:16px|text_align:center|color:%23ffffff|line_height:22px\u00bb use_theme_fonts=\u00bbyes\u00bb css=\u00bb.vc_custom_1590394805567{padding-top: 15px !important;padding-right: 10% !important;padding-left: 10% !important;}\u00bb][\/vc_column][\/vc_row][vc_row full_width=\u00bbstretch_row_content_no_spaces\u00bb css=\u00bb.vc_custom_1580507167910{margin-top: -35px !important;}\u00bb][vc_column width=\u00bb1\/2&#8243;][vc_single_image image=\u00bb5891&#8243; img_size=\u00bbfull\u00bb alignment=\u00bbcenter\u00bb css=\u00bb.vc_custom_1590165096909{margin-top: -25px !important;}\u00bb][\/vc_column][vc_column width=\u00bb1\/2&#8243; css=\u00bb.vc_custom_1580510498029{padding-top: 75px !important;padding-bottom: 75px !important;}\u00bb][vc_empty_space height=\u00bb20px\u00bb][vc_row_inner css=\u00bb.vc_custom_1580510487188{padding-right: 10% !important;padding-left: 10% !important;}\u00bb][vc_column_inner][vc_custom_heading text=\u00bbDise\u00f1o Para Manufactura\u00bb font_container=\u00bbtag:h2|font_size:26px|text_align:center|color:%23122646|line_height:32px\u00bb use_theme_fonts=\u00bbyes\u00bb][vc_separator css=\u00bb.vc_custom_1580511302786{margin-top: 20px !important;margin-bottom: 20px !important;}\u00bb][vc_custom_heading text=\u00bbUsamos herramientas CAD para simular las condiciones a las que ser\u00e1 sometido el producto en su proceso de fabricaci\u00f3n y posterior uso, disminuyendo de manera importante la probabilidad de fallas.\u00bb font_container=\u00bbtag:p|font_size:16px|text_align:center|color:%23555555|line_height:22px\u00bb use_theme_fonts=\u00bbyes\u00bb][vc_column_text css=\u00bb.vc_custom_1590832557782{padding-right: 5% !important;padding-left: 5% !important;}\u00bb]<\/p>\n<ul>\n<li>Analizamos los posibles escenarios de fabricaci\u00f3n. Realizamos las pruebas para cumplir los par\u00e1metros de manufactura y evitar errores<\/li>\n<li>Eficientamos los modelos CAD, para que el uso del material sea \u00f3ptimo para cumplir su funci\u00f3n<\/li>\n<li>An\u00e1lizamos su comportamiento durante el proceso de manufactura de manera virtual<\/li>\n<li>Realizamos pruebas de s<span class=\"TextRun SCXW36769036 BCX0\" lang=\"ES-ES\" xml:lang=\"ES-ES\" data-contrast=\"auto\"><span class=\"NormalTextRun SCXW36769036 BCX0\">imulaci\u00f3n de esfuerzos, frecuencia, fatiga, t\u00e9rmicos, fluidos, pandeos, recipientes a presi\u00f3n,<\/span><\/span>mediante herramientas de an\u00e1lisis por computadora<\/li>\n<li>Te asesoramos en la selecci\u00f3n de materiales para su mejor fabricaci\u00f3n y comercializaci\u00f3n<\/li>\n<\/ul>\n<p>[\/vc_column_text][vc_empty_space height=\u00bb20px\u00bb][vc_btn title=\u00bbCont\u00e1ctanos\u00bb style=\u00bboutline\u00bb shape=\u00bbsquare\u00bb color=\u00bbinverse\u00bb align=\u00bbcenter\u00bb link=\u00bburl:http%3A%2F%2Ftechmind.mx%2Findex.php%2Fcontacto%2F|||\u00bb][\/vc_column_inner][\/vc_row_inner][\/vc_column][\/vc_row][vc_row full_width=\u00bbstretch_row_content_no_spaces\u00bb css=\u00bb.vc_custom_1580507167910{margin-top: -35px !important;}\u00bb][vc_column width=\u00bb1\/2&#8243; css=\u00bb.vc_custom_1580511928794{padding-top: 75px !important;padding-bottom: 75px !important;}\u00bb][vc_row_inner css=\u00bb.vc_custom_1580510487188{padding-right: 10% !important;padding-left: 10% !important;}\u00bb][vc_column_inner][vc_custom_heading text=\u00bbSuministro de Componentes y Procesos\u00bb font_container=\u00bbtag:h2|font_size:26px|text_align:center|color:%23122646|line_height:32px\u00bb use_theme_fonts=\u00bbyes\u00bb][vc_separator css=\u00bb.vc_custom_1580511302786{margin-top: 20px !important;margin-bottom: 20px !important;}\u00bb][vc_column_text css=\u00bb.vc_custom_1590169316086{padding-right: 5% !important;padding-left: 5% !important;}\u00bb]<\/p>\n<p style=\"text-align: center;\">Te ayudamos a encontrar proveedores que provean los componentes y servicios que tu producto requiera para su fabricaci\u00f3n.<\/p>\n<p style=\"text-align: center;\">Contamos con una amplia red de relaciones comerciales que nos permiten ofrecer ventajas competitivas a nuestros clientes, fabricando sus productos dentro del mismo pa\u00eds y a costos altamente competitivos.<\/p>\n<p style=\"text-align: center;\">Colaboramos tambi\u00e9n con distintas empresas del mundo para brindar tecnolog\u00eda de punta para productos que as\u00ed lo requieran.<\/p>\n<p>[\/vc_column_text][vc_empty_space height=\u00bb20px\u00bb][vc_btn title=\u00bbCont\u00e1ctanos\u00bb style=\u00bboutline\u00bb shape=\u00bbsquare\u00bb color=\u00bbinverse\u00bb align=\u00bbcenter\u00bb link=\u00bburl:http%3A%2F%2Ftechmind.mx%2Findex.php%2Fcontacto%2F|||\u00bb][\/vc_column_inner][\/vc_row_inner][\/vc_column][vc_column width=\u00bb1\/2&#8243;][vc_single_image image=\u00bb5893&#8243; img_size=\u00bbfull\u00bb alignment=\u00bbcenter\u00bb css=\u00bb.vc_custom_1590169239815{margin-top: -25px !important;}\u00bb][\/vc_column][\/vc_row]<\/p>\n","protected":false},"excerpt":{"rendered":"<p>[vc_row full_width=\u00bbstretch_row\u00bb css=\u00bb.vc_custom_1580510073390{padding-top: 75px !important;padding-bottom: 125px !important;background-color: #01bff1 !important;}\u00bb][vc_column][vc_custom_heading text=\u00bbVALIDACI\u00d3N DE MANUFACTURA Y COMERCIALIZACI\u00d3N\u00bb font_container=\u00bbtag:h2|font_size:16px|text_align:center|color:%23ffffff|line_height:18px\u00bb google_fonts=\u00bbfont_family:Oswald%3A300%2Cregular%2C700|font_style:400%20regular%3A400%3Anormal\u00bb css=\u00bb.vc_custom_1590164330257{padding-bottom: 15px !important;}\u00bb][vc_custom_heading text=\u00bbDEJAMOS TU PRODUCTO LISTO PARA SU&#8230;<\/p>\n","protected":false},"author":1,"featured_media":0,"parent":0,"menu_order":0,"comment_status":"closed","ping_status":"closed","template":"","meta":[],"_links":{"self":[{"href":"https:\/\/techmind.mx\/index.php\/wp-json\/wp\/v2\/pages\/5722"}],"collection":[{"href":"https:\/\/techmind.mx\/index.php\/wp-json\/wp\/v2\/pages"}],"about":[{"href":"https:\/\/techmind.mx\/index.php\/wp-json\/wp\/v2\/types\/page"}],"author":[{"embeddable":true,"href":"https:\/\/techmind.mx\/index.php\/wp-json\/wp\/v2\/users\/1"}],"replies":[{"embeddable":true,"href":"https:\/\/techmind.mx\/index.php\/wp-json\/wp\/v2\/comments?post=5722"}],"version-history":[{"count":7,"href":"https:\/\/techmind.mx\/index.php\/wp-json\/wp\/v2\/pages\/5722\/revisions"}],"predecessor-version":[{"id":6004,"href":"https:\/\/techmind.mx\/index.php\/wp-json\/wp\/v2\/pages\/5722\/revisions\/6004"}],"wp:attachment":[{"href":"https:\/\/techmind.mx\/index.php\/wp-json\/wp\/v2\/media?parent=5722"}],"curies":[{"name":"wp","href":"https:\/\/api.w.org\/{rel}","templated":true}]}}