{"id":5814,"date":"2020-02-01T00:15:53","date_gmt":"2020-02-01T00:15:53","guid":{"rendered":"http:\/\/techmind.mx\/?page_id=5814"},"modified":"2020-05-30T08:48:23","modified_gmt":"2020-05-30T08:48:23","slug":"aviso-de-privacidad","status":"publish","type":"page","link":"https:\/\/techmind.mx\/index.php\/aviso-de-privacidad\/","title":{"rendered":"Aviso de Privacidad"},"content":{"rendered":"<p>[vc_row][vc_column][vc_column_text]De acuerdo a lo Previsto en la \u201cLey Federal de Protecci\u00f3n de Datos Personales\u201d, declara Mente y Tecnolog\u00eda Creadora de M\u00e9xico ser una empresa legalmente constituida de conformidad con las leyes mexicanas, con domicilio en Calle San Gabriel, 3110, Zapopan Jalisco; y como responsable del tratamiento de sus datos personales, hace de su conocimiento que la informaci\u00f3n de nuestros clientes es tratada de forma estrictamente confidencial por lo que al proporcionar sus datos personales, tales como:<\/p>\n<p>1. Nombre Completo.<br \/>\n2. Direcci\u00f3n.<br \/>\n3. Registro Federal de Contribuyentes.<br \/>\n4. Tel\u00e9fonos de Hogar, Oficina y m\u00f3viles<br \/>\n5. Correo Electr\u00f3nico.<\/p>\n<p>Estos ser\u00e1n utilizados \u00fanica y exclusivamente para los siguientes fines:<\/p>\n<p>1. Informaci\u00f3n y Prestaci\u00f3n de Servicios.<br \/>\n2. Actualizaci\u00f3n de la Base de Datos.<br \/>\n3. Cualquier finalidad an\u00e1loga o compatible con las anteriores.<\/p>\n<p>En el caso de Datos sensibles, tales como:<\/p>\n<p>1. Datos Financieros (Ingresos, Estados de Cuenta, y dem\u00e1s relacionados)<br \/>\n2. Datos Patrimoniales (Bienes Materiales, Inmuebles, y dem\u00e1s relacionados)<br \/>\n3. Datos Personales (C\u00f3nyuge, Estado Civil, Nacionalidad, Educaci\u00f3n, Hijos, y dem\u00e1s relacionados).<br \/>\n4. Referencias familiares y no familiares (Nombre, Direcci\u00f3n, Tel\u00e9fono, relaci\u00f3n, etc.).<\/p>\n<p>Estos ser\u00e1n utilizados \u00fanica y exclusivamente para los siguientes fines:<\/p>\n<p>1. Investigaci\u00f3n y\/u Obtenci\u00f3n de Cr\u00e9ditos ante las Instituciones Financieras.<br \/>\n2. Cualquier finalidad an\u00e1loga o compatible con la anterior.<br \/>\n3. Informaci\u00f3n y Prestaci\u00f3n de Servicios<\/p>\n<p>Para prevenir el acceso no autorizado a sus datos personales y con el fin de asegurar que la informaci\u00f3n sea utilizada para los fines establecidos en este aviso de privacidad, hemos establecido diversos procedimientos con la finalidad de evitar el uso o divulgaci\u00f3n no autorizados de sus datos, permiti\u00e9ndonos tratarlos debidamente.<\/p>\n<p>As\u00ed mismo, le informamos que sus datos personales pueden ser Transmitidos para ser tratados por personas distintas a esta empresa.<\/p>\n<p>Todos sus datos personales son tratados de acuerdo a la legislaci\u00f3n aplicable y vigente en el pa\u00eds, por ello le informamos que usted tiene en todo momento los derechos (ARCO) de acceder, rectificar, cancelar u oponerse al tratamiento que le damos a sus datos personales; derecho que podr\u00e1 hacer valer a trav\u00e9s de cualquiera de nuestras l\u00edneas de contacto mismas que encontrar\u00e1 en la siguiente p\u00e1gina:<\/p>\n<p><a href=\"https:\/\/techmind.mx\/index.php\/contacto\/\">Contacto<\/a>[\/vc_column_text][\/vc_column][\/vc_row]<\/p>\n","protected":false},"excerpt":{"rendered":"<p>[vc_row][vc_column][vc_column_text]De acuerdo a lo Previsto en la \u201cLey Federal de Protecci\u00f3n de Datos Personales\u201d, declara Mente y Tecnolog\u00eda Creadora de M\u00e9xico ser una empresa legalmente&#8230;<\/p>\n","protected":false},"author":1,"featured_media":0,"parent":0,"menu_order":0,"comment_status":"closed","ping_status":"closed","template":"","meta":[],"_links":{"self":[{"href":"https:\/\/techmind.mx\/index.php\/wp-json\/wp\/v2\/pages\/5814"}],"collection":[{"href":"https:\/\/techmind.mx\/index.php\/wp-json\/wp\/v2\/pages"}],"about":[{"href":"https:\/\/techmind.mx\/index.php\/wp-json\/wp\/v2\/types\/page"}],"author":[{"embeddable":true,"href":"https:\/\/techmind.mx\/index.php\/wp-json\/wp\/v2\/users\/1"}],"replies":[{"embeddable":true,"href":"https:\/\/techmind.mx\/index.php\/wp-json\/wp\/v2\/comments?post=5814"}],"version-history":[{"count":3,"href":"https:\/\/techmind.mx\/index.php\/wp-json\/wp\/v2\/pages\/5814\/revisions"}],"predecessor-version":[{"id":5986,"href":"https:\/\/techmind.mx\/index.php\/wp-json\/wp\/v2\/pages\/5814\/revisions\/5986"}],"wp:attachment":[{"href":"https:\/\/techmind.mx\/index.php\/wp-json\/wp\/v2\/media?parent=5814"}],"curies":[{"name":"wp","href":"https:\/\/api.w.org\/{rel}","templated":true}]}}