{"id":5872,"date":"2020-05-16T12:13:05","date_gmt":"2020-05-16T12:13:05","guid":{"rendered":"http:\/\/techmind.mx\/?page_id=5872"},"modified":"2020-05-30T09:59:53","modified_gmt":"2020-05-30T09:59:53","slug":"proteccion-patentes-y-licencias","status":"publish","type":"page","link":"https:\/\/techmind.mx\/index.php\/proteccion-patentes-y-licencias\/","title":{"rendered":"Protecci\u00f3n, Patentes y Licencias"},"content":{"rendered":"<p>[vc_row full_width=\u00bbstretch_row\u00bb css=\u00bb.vc_custom_1580510073390{padding-top: 75px !important;padding-bottom: 125px !important;background-color: #01bff1 !important;}\u00bb][vc_column][vc_custom_heading text=\u00bbProtecci\u00f3n, Patentes y Licencias\u00bb font_container=\u00bbtag:h2|font_size:16px|text_align:center|color:%23ffffff|line_height:18px\u00bb google_fonts=\u00bbfont_family:Oswald%3A300%2Cregular%2C700|font_style:400%20regular%3A400%3Anormal\u00bb css=\u00bb.vc_custom_1590397586996{padding-bottom: 15px !important;}\u00bb][vc_custom_heading text=\u00bbNOS ENCARGAMOS QUE LE SAQUES TODO EL JUGO A LA \u00abFRUTA\u00ab QUE CREASTE\u00bb font_container=\u00bbtag:h2|font_size:48px|text_align:center|color:%23ffffff|line_height:58px\u00bb use_theme_fonts=\u00bbyes\u00bb][vc_custom_heading text=\u00bbProtegemos la propiedad intelectual de tu producto, registramos las nuevas patentes existentes y preparamos tu producto para certificaciones mundiales.\u00bb font_container=\u00bbtag:p|font_size:16px|text_align:center|color:%23ffffff|line_height:22px\u00bb use_theme_fonts=\u00bbyes\u00bb css=\u00bb.vc_custom_1590397669970{padding-top: 15px !important;padding-right: 10% !important;padding-left: 10% !important;}\u00bb][\/vc_column][\/vc_row][vc_row full_width=\u00bbstretch_row_content_no_spaces\u00bb css=\u00bb.vc_custom_1580507167910{margin-top: -35px !important;}\u00bb][vc_column width=\u00bb1\/2&#8243;][vc_single_image image=\u00bb5968&#8243; img_size=\u00bbfull\u00bb alignment=\u00bbcenter\u00bb css=\u00bb.vc_custom_1590565007968{margin-top: -25px !important;}\u00bb][\/vc_column][vc_column width=\u00bb1\/2&#8243; css=\u00bb.vc_custom_1580510498029{padding-top: 75px !important;padding-bottom: 75px !important;}\u00bb][vc_empty_space height=\u00bb20px\u00bb][vc_row_inner css=\u00bb.vc_custom_1580510487188{padding-right: 10% !important;padding-left: 10% !important;}\u00bb][vc_column_inner][vc_custom_heading text=\u00bbEst\u00e1ndares y Certificaciones\u00bb font_container=\u00bbtag:h2|font_size:26px|text_align:center|color:%23122646|line_height:32px\u00bb use_theme_fonts=\u00bbyes\u00bb][vc_separator css=\u00bb.vc_custom_1580511302786{margin-top: 20px !important;margin-bottom: 20px !important;}\u00bb][vc_column_text css=\u00bb.vc_custom_1590832790772{padding-right: 5% !important;padding-left: 5% !important;}\u00bb]<\/p>\n<p style=\"text-align: center;\">Trabajamos de la mano para ayudarte a cumplir con los est\u00e1ndares y certificaciones de cualquier parte del mundo, desde el aspecto electr\u00f3nico, hasta los materiales permitidos para la elaboraci\u00f3n y uso sin importar a donde se encuentre dirigido.<\/p>\n<p style=\"text-align: center;\">Con expertos en distintas \u00e1reas (desde el \u00e1rea m\u00e9dica y electr\u00f3nica, hasta el \u00e1rea del juguete y la alimentaci\u00f3n) revisamos los est\u00e1ndares para que tu producto pueda ser comercializado sin mayor problema.<\/p>\n<p style=\"text-align: center;\">Trabajamos los principales est\u00e1ndares: FDA, CE, EAC NOM, ANSI, ISO, IEC<\/p>\n<p>[\/vc_column_text][vc_empty_space height=\u00bb20px\u00bb][vc_btn title=\u00bbCont\u00e1ctanos\u00bb style=\u00bboutline\u00bb shape=\u00bbsquare\u00bb color=\u00bbinverse\u00bb align=\u00bbcenter\u00bb link=\u00bburl:http%3A%2F%2Ftechmind.mx%2Findex.php%2Fcontacto%2F|||\u00bb][\/vc_column_inner][\/vc_row_inner][\/vc_column][\/vc_row][vc_row full_width=\u00bbstretch_row_content_no_spaces\u00bb css=\u00bb.vc_custom_1580507167910{margin-top: -35px !important;}\u00bb][vc_column width=\u00bb1\/2&#8243; css=\u00bb.vc_custom_1580511928794{padding-top: 75px !important;padding-bottom: 75px !important;}\u00bb][vc_row_inner css=\u00bb.vc_custom_1580510487188{padding-right: 10% !important;padding-left: 10% !important;}\u00bb][vc_column_inner][vc_custom_heading text=\u00bbPatentes\u00bb font_container=\u00bbtag:h2|font_size:26px|text_align:center|color:%23122646|line_height:32px\u00bb use_theme_fonts=\u00bbyes\u00bb][vc_separator css=\u00bb.vc_custom_1580511302786{margin-top: 20px !important;margin-bottom: 20px !important;}\u00bb][vc_column_text css=\u00bb.vc_custom_1590564677496{padding-right: 5% !important;padding-left: 5% !important;}\u00bb]<\/p>\n<p style=\"text-align: center;\">Con abogados expertos en la protecci\u00f3n de propiedad intelectual, protejemos tus productos para generarles un valor agregado con patentes que puedan ser explotadas de manera \u00fanica y exclusiva por tu empresa.<\/p>\n<p style=\"text-align: center;\">Nos aseguramos de facilitar la informaci\u00f3n necesaria para acelerar el proceso y aumentar las posibilidades de tener una mayor posibilidad de comercializaci\u00f3n exclusiva en tu futuro producto.<\/p>\n<p>[\/vc_column_text][vc_empty_space height=\u00bb20px\u00bb][vc_btn title=\u00bbCont\u00e1ctanos\u00bb style=\u00bboutline\u00bb shape=\u00bbsquare\u00bb color=\u00bbinverse\u00bb align=\u00bbcenter\u00bb link=\u00bburl:http%3A%2F%2Ftechmind.mx%2Findex.php%2Fcontacto%2F|||\u00bb][\/vc_column_inner][\/vc_row_inner][\/vc_column][vc_column width=\u00bb1\/2&#8243;][vc_single_image image=\u00bb5967&#8243; img_size=\u00bbfull\u00bb alignment=\u00bbcenter\u00bb css=\u00bb.vc_custom_1590565038840{margin-top: -25px !important;}\u00bb][\/vc_column][\/vc_row]<\/p>\n","protected":false},"excerpt":{"rendered":"<p>[vc_row full_width=\u00bbstretch_row\u00bb css=\u00bb.vc_custom_1580510073390{padding-top: 75px !important;padding-bottom: 125px !important;background-color: #01bff1 !important;}\u00bb][vc_column][vc_custom_heading text=\u00bbProtecci\u00f3n, Patentes y Licencias\u00bb font_container=\u00bbtag:h2|font_size:16px|text_align:center|color:%23ffffff|line_height:18px\u00bb google_fonts=\u00bbfont_family:Oswald%3A300%2Cregular%2C700|font_style:400%20regular%3A400%3Anormal\u00bb css=\u00bb.vc_custom_1590397586996{padding-bottom: 15px !important;}\u00bb][vc_custom_heading text=\u00bbNOS ENCARGAMOS QUE LE SAQUES TODO EL&#8230;<\/p>\n","protected":false},"author":1,"featured_media":0,"parent":0,"menu_order":0,"comment_status":"closed","ping_status":"closed","template":"","meta":[],"_links":{"self":[{"href":"https:\/\/techmind.mx\/index.php\/wp-json\/wp\/v2\/pages\/5872"}],"collection":[{"href":"https:\/\/techmind.mx\/index.php\/wp-json\/wp\/v2\/pages"}],"about":[{"href":"https:\/\/techmind.mx\/index.php\/wp-json\/wp\/v2\/types\/page"}],"author":[{"embeddable":true,"href":"https:\/\/techmind.mx\/index.php\/wp-json\/wp\/v2\/users\/1"}],"replies":[{"embeddable":true,"href":"https:\/\/techmind.mx\/index.php\/wp-json\/wp\/v2\/comments?post=5872"}],"version-history":[{"count":6,"href":"https:\/\/techmind.mx\/index.php\/wp-json\/wp\/v2\/pages\/5872\/revisions"}],"predecessor-version":[{"id":6006,"href":"https:\/\/techmind.mx\/index.php\/wp-json\/wp\/v2\/pages\/5872\/revisions\/6006"}],"wp:attachment":[{"href":"https:\/\/techmind.mx\/index.php\/wp-json\/wp\/v2\/media?parent=5872"}],"curies":[{"name":"wp","href":"https:\/\/api.w.org\/{rel}","templated":true}]}}