{"id":5904,"date":"2020-05-22T18:25:25","date_gmt":"2020-05-22T18:25:25","guid":{"rendered":"http:\/\/techmind.mx\/?page_id=5904"},"modified":"2020-05-30T10:31:06","modified_gmt":"2020-05-30T10:31:06","slug":"consultoria-en-innovacion","status":"publish","type":"page","link":"https:\/\/techmind.mx\/index.php\/consultoria-en-innovacion\/","title":{"rendered":"Consultor\u00eda en Innovaci\u00f3n"},"content":{"rendered":"<p>[vc_row full_width=\u00bbstretch_row\u00bb et_uniqid=\u00bbet_custom_uniqid_5ed2355f7e7e6&#8243; css=\u00bb.vc_custom_1590834562473{padding-top: 75px !important;padding-bottom: 125px !important;background-color: rgba(0,189,242,0.75) !important;*background-color: rgb(0,189,242) !important;}\u00bb _et_uniqid=\u00bbet_custom_uniqid_new_5ed235779fd2d\u00bb][vc_column][vc_custom_heading text=\u00bbConsultor\u00eda en Innovaci\u00f3n\u00bb font_container=\u00bbtag:h2|font_size:16px|text_align:center|color:%23ffffff|line_height:18px\u00bb google_fonts=\u00bbfont_family:Oswald%3A300%2Cregular%2C700|font_style:400%20regular%3A400%3Anormal\u00bb css=\u00bb.vc_custom_1590397752821{padding-bottom: 15px !important;}\u00bb][vc_custom_heading text=\u00bbQUE TU NEGOCIO NUNCA DEJE DE SER NOVEDOSO\u00bb font_container=\u00bbtag:h2|font_size:48px|text_align:center|color:%23ffffff|line_height:58px\u00bb use_theme_fonts=\u00bbyes\u00bb][vc_custom_heading text=\u00bbEstudiamos tus productos y procesos, encontramos oportunidades y te decimos como explotarlas con tus capacidades.\u00bb font_container=\u00bbtag:p|font_size:16px|text_align:center|color:%23ffffff|line_height:22px\u00bb use_theme_fonts=\u00bbyes\u00bb css=\u00bb.vc_custom_1590397797610{padding-top: 15px !important;padding-right: 10% !important;padding-left: 10% !important;}\u00bb][\/vc_column][\/vc_row][vc_row full_width=\u00bbstretch_row_content\u00bb content_placement=\u00bbmiddle\u00bb et_uniqid=\u00bbet_custom_uniqid_5ed2314e1cff1&#8243; css=\u00bb.vc_custom_1590833931590{margin-top: -35px !important;margin-right: 10% !important;margin-left: 10% !important;}\u00bb _et_uniqid=\u00bbet_custom_uniqid_new_5ed232ffe72ca\u00bb][vc_column width=\u00bb1\/2&#8243; et_uniqid=\u00bbet_custom_uniqid_5ed230f0be6e5&#8243; css=\u00bb.vc_custom_1590833630311{padding-top: 10% !important;padding-right: 10% !important;padding-bottom: 10% !important;padding-left: 10% !important;}\u00bb _et_uniqid=\u00bbet_custom_uniqid_new_5ed231d9e9736&#8243;][vc_custom_heading text=\u00bbInvestigaci\u00f3n de Oportunidades\u00bb font_container=\u00bbtag:h2|font_size:36px|text_align:left|color:%23122646|line_height:42px\u00bb use_theme_fonts=\u00bbyes\u00bb][vc_column_text]<\/p>\n<p style=\"text-align: left;\">Analizamos tus procesos, tus productos y a tu competencia. Generamos una primera base de conocimiento con la que podremos tener un panorama de las oportunidades a explorar, destacando las partes fuertes de tu negocio y las oportunidades existentes que podr\u00e1n detonar una nueva etapa de innovaci\u00f3n.<\/p>\n<p>[\/vc_column_text][\/vc_column][vc_column width=\u00bb1\/2&#8243; et_uniqid=\u00bbet_custom_uniqid_5ed230e96aec2&#8243; _et_uniqid=\u00bbet_custom_uniqid_new_5ed231e09161a\u00bb css=\u00bb.vc_custom_1590833638921{padding-top: 10% !important;padding-right: 10% !important;padding-bottom: 10% !important;padding-left: 10% !important;}\u00bb][vc_single_image image=\u00bb6010&#8243; img_size=\u00bb692&#215;572&#8243; alignment=\u00bbcenter\u00bb css=\u00bb.vc_custom_1590833966869{margin-top: 15% !important;margin-right: 15% !important;margin-bottom: 15% !important;}\u00bb][\/vc_column][\/vc_row][vc_row full_width=\u00bbstretch_row_content\u00bb content_placement=\u00bbmiddle\u00bb et_uniqid=\u00bbet_custom_uniqid_5ed2314e1cff1&#8243; css=\u00bb.vc_custom_1590833931590{margin-top: -35px !important;margin-right: 10% !important;margin-left: 10% !important;}\u00bb _et_uniqid=\u00bbet_custom_uniqid_new_5ed232ffe72ca\u00bb][vc_column width=\u00bb1\/2&#8243; et_uniqid=\u00bbet_custom_uniqid_5ed230f0be6e5&#8243; css=\u00bb.vc_custom_1590833630311{padding-top: 10% !important;padding-right: 10% !important;padding-bottom: 10% !important;padding-left: 10% !important;}\u00bb _et_uniqid=\u00bbet_custom_uniqid_new_5ed231d9e9736&#8243;][vc_single_image image=\u00bb6009&#8243; img_size=\u00bb692&#215;572&#8243; alignment=\u00bbcenter\u00bb css=\u00bb.vc_custom_1590834063094{margin-right: 15% !important;margin-bottom: 15% !important;}\u00bb][\/vc_column][vc_column width=\u00bb1\/2&#8243; et_uniqid=\u00bbet_custom_uniqid_5ed230e96aec2&#8243; _et_uniqid=\u00bbet_custom_uniqid_new_5ed2337a93f1f\u00bb css=\u00bb.vc_custom_1590834046294{padding-right: 10% !important;padding-bottom: 10% !important;padding-left: 10% !important;}\u00bb][vc_custom_heading text=\u00bbConceptualizaci\u00f3n de Propuestas\u00bb font_container=\u00bbtag:h2|font_size:36px|text_align:right|color:%23122646|line_height:42px\u00bb use_theme_fonts=\u00bbyes\u00bb][vc_column_text]<\/p>\n<p style=\"text-align: right;\">En base a la investigaci\u00f3n realizada, entregamos un informe de propuestas, que es trabajado en conjunto con el negocio, utilizando metodolog\u00edas de creaci\u00f3n de ideas y teniendo como base los procesos actuales con los que cuenta la empresa, y los recursos disponibles dispuestos a utilizar para innovar en cualquiera de sus partes.<\/p>\n<p>[\/vc_column_text][\/vc_column][\/vc_row][vc_row full_width=\u00bbstretch_row_content\u00bb content_placement=\u00bbmiddle\u00bb et_uniqid=\u00bbet_custom_uniqid_5ed2314e1cff1&#8243; css=\u00bb.vc_custom_1590833931590{margin-top: -35px !important;margin-right: 10% !important;margin-left: 10% !important;}\u00bb _et_uniqid=\u00bbet_custom_uniqid_new_5ed232ffe72ca\u00bb][vc_column width=\u00bb1\/2&#8243; et_uniqid=\u00bbet_custom_uniqid_5ed230f0be6e5&#8243; css=\u00bb.vc_custom_1590833630311{padding-top: 10% !important;padding-right: 10% !important;padding-bottom: 10% !important;padding-left: 10% !important;}\u00bb _et_uniqid=\u00bbet_custom_uniqid_new_5ed231d9e9736&#8243;][vc_custom_heading text=\u00bbImplementaci\u00f3n y Acompa\u00f1amiento\u00bb font_container=\u00bbtag:h2|font_size:36px|text_align:left|color:%23122646|line_height:42px\u00bb use_theme_fonts=\u00bbyes\u00bb][vc_column_text]<\/p>\n<p style=\"text-align: left;\">Creamos un plan de trabajo y acompa\u00f1amos en su implementaci\u00f3n y seguimiento, a fin de que el resultado se apegue a lo planeado y se vea el resultado. Cuando es requerido, complementamos con la asesor\u00eda en el desarrollo de producto y ayudamos a crear relaciones comerciales nuevas que fortalecer\u00e1n el \u00e9xito del plan a largo plazo.<\/p>\n<p>[\/vc_column_text][\/vc_column][vc_column width=\u00bb1\/2&#8243; et_uniqid=\u00bbet_custom_uniqid_5ed230e96aec2&#8243; _et_uniqid=\u00bbet_custom_uniqid_new_5ed2337a93f1f\u00bb css=\u00bb.vc_custom_1590834046294{padding-right: 10% !important;padding-bottom: 10% !important;padding-left: 10% !important;}\u00bb][vc_single_image image=\u00bb6008&#8243; img_size=\u00bb692&#215;572&#8243; alignment=\u00bbcenter\u00bb css=\u00bb.vc_custom_1590834156021{margin-right: 15% !important;margin-bottom: 15% !important;}\u00bb][\/vc_column][\/vc_row]<\/p>\n","protected":false},"excerpt":{"rendered":"<p>[vc_row full_width=\u00bbstretch_row\u00bb et_uniqid=\u00bbet_custom_uniqid_5ed2355f7e7e6&#8243; css=\u00bb.vc_custom_1590834562473{padding-top: 75px !important;padding-bottom: 125px !important;background-color: rgba(0,189,242,0.75) !important;*background-color: rgb(0,189,242) !important;}\u00bb _et_uniqid=\u00bbet_custom_uniqid_new_5ed235779fd2d\u00bb][vc_column][vc_custom_heading text=\u00bbConsultor\u00eda en Innovaci\u00f3n\u00bb font_container=\u00bbtag:h2|font_size:16px|text_align:center|color:%23ffffff|line_height:18px\u00bb google_fonts=\u00bbfont_family:Oswald%3A300%2Cregular%2C700|font_style:400%20regular%3A400%3Anormal\u00bb css=\u00bb.vc_custom_1590397752821{padding-bottom: 15px !important;}\u00bb][vc_custom_heading text=\u00bbQUE TU NEGOCIO NUNCA&#8230;<\/p>\n","protected":false},"author":1,"featured_media":0,"parent":0,"menu_order":0,"comment_status":"closed","ping_status":"closed","template":"","meta":[],"_links":{"self":[{"href":"https:\/\/techmind.mx\/index.php\/wp-json\/wp\/v2\/pages\/5904"}],"collection":[{"href":"https:\/\/techmind.mx\/index.php\/wp-json\/wp\/v2\/pages"}],"about":[{"href":"https:\/\/techmind.mx\/index.php\/wp-json\/wp\/v2\/types\/page"}],"author":[{"embeddable":true,"href":"https:\/\/techmind.mx\/index.php\/wp-json\/wp\/v2\/users\/1"}],"replies":[{"embeddable":true,"href":"https:\/\/techmind.mx\/index.php\/wp-json\/wp\/v2\/comments?post=5904"}],"version-history":[{"count":5,"href":"https:\/\/techmind.mx\/index.php\/wp-json\/wp\/v2\/pages\/5904\/revisions"}],"predecessor-version":[{"id":5960,"href":"https:\/\/techmind.mx\/index.php\/wp-json\/wp\/v2\/pages\/5904\/revisions\/5960"}],"wp:attachment":[{"href":"https:\/\/techmind.mx\/index.php\/wp-json\/wp\/v2\/media?parent=5904"}],"curies":[{"name":"wp","href":"https:\/\/api.w.org\/{rel}","templated":true}]}}