{"id":5921,"date":"2020-05-23T05:39:26","date_gmt":"2020-05-23T05:39:26","guid":{"rendered":"http:\/\/techmind.mx\/?page_id=5921"},"modified":"2020-05-27T07:19:08","modified_gmt":"2020-05-27T07:19:08","slug":"conceptualizacion-y-desarrollo-de-producto","status":"publish","type":"page","link":"https:\/\/techmind.mx\/index.php\/conceptualizacion-y-desarrollo-de-producto\/","title":{"rendered":"Conceptualizaci\u00f3n de Producto"},"content":{"rendered":"<p>[vc_row full_width=\u00bbstretch_row\u00bb css=\u00bb.vc_custom_1580510073390{padding-top: 75px !important;padding-bottom: 125px !important;background-color: #01bff1 !important;}\u00bb][vc_column][vc_custom_heading text=\u00bbConceptualizaci\u00f3n de Producto\u00bb font_container=\u00bbtag:h2|font_size:16px|text_align:center|color:%23ffffff|line_height:18px\u00bb google_fonts=\u00bbfont_family:Oswald%3A300%2Cregular%2C700|font_style:400%20regular%3A400%3Anormal\u00bb css=\u00bb.vc_custom_1590394643522{padding-bottom: 15px !important;}\u00bb][vc_custom_heading text=\u00bbCONVERTIMOS UNA IDEA EN EL BOCETO Y ESQUEMA DE UN FUTURO PRODUCTO\u00bb font_container=\u00bbtag:h2|font_size:48px|text_align:center|color:%23ffffff|line_height:58px\u00bb use_theme_fonts=\u00bbyes\u00bb][vc_custom_heading text=\u00bbAcotamos lo que est\u00e1 en la mente para pasarlo a un concepto que pueda ser dise\u00f1ado, fabricado y vendido.\u00bb font_container=\u00bbtag:p|font_size:16px|text_align:center|color:%23ffffff|line_height:22px\u00bb use_theme_fonts=\u00bbyes\u00bb css=\u00bb.vc_custom_1590563371329{padding-top: 15px !important;padding-right: 10% !important;padding-left: 10% !important;}\u00bb][\/vc_column][\/vc_row][vc_row full_width=\u00bbstretch_row_content_no_spaces\u00bb css=\u00bb.vc_custom_1580507167910{margin-top: -35px !important;}\u00bb][vc_column width=\u00bb1\/2&#8243;][vc_single_image image=\u00bb5950&#8243; img_size=\u00bbfull\u00bb alignment=\u00bbcenter\u00bb css=\u00bb.vc_custom_1590395462071{margin-top: -25px !important;}\u00bb][\/vc_column][vc_column width=\u00bb1\/2&#8243; css=\u00bb.vc_custom_1580510498029{padding-top: 75px !important;padding-bottom: 75px !important;}\u00bb][vc_empty_space height=\u00bb20px\u00bb][vc_row_inner css=\u00bb.vc_custom_1580510487188{padding-right: 10% !important;padding-left: 10% !important;}\u00bb][vc_column_inner][vc_custom_heading text=\u00bbInvestigaci\u00f3n de Campo\u00bb font_container=\u00bbtag:h2|font_size:26px|text_align:center|color:%23122646|line_height:32px\u00bb use_theme_fonts=\u00bbyes\u00bb][vc_separator css=\u00bb.vc_custom_1580511302786{margin-top: 20px !important;margin-bottom: 20px !important;}\u00bb][vc_custom_heading text=\u00bbUsamos herramientas CAD para simular las condiciones a las que ser\u00e1 sometido el producto en su proceso de fabricaci\u00f3n y posterior uso, disminuyendo de manera importante la probabilidad de fallas.\u00bb font_container=\u00bbtag:p|font_size:16px|text_align:center|color:%23555555|line_height:22px\u00bb use_theme_fonts=\u00bbyes\u00bb][vc_column_text css=\u00bb.vc_custom_1590563639418{padding-right: 5% !important;padding-left: 5% !important;}\u00bb]<\/p>\n<p style=\"text-align: center;\">Investigamos las oportunidades existentes y las competencias probables de las ideas, as\u00ed como los par\u00e1metros que han hecho que tu mercado meta se interese por otros productos.<\/p>\n<p style=\"text-align: center;\">Planteamos la base de informaci\u00f3n que permitir\u00e1 acotar tu idea y pasarla a papel, para tener los primeros pasos que requiera la creaci\u00f3n de cualquier producto, desde certificaciones o est\u00e1ndares m\u00ednimos de calidad, hasta colores, materiales y posibles texturas.<\/p>\n<p style=\"text-align: center;\">Le ponemos pies y cabeza a la idea, para convertirla en las primeras p\u00e1ginas de un proyecto, para brindarle una base s\u00f3lida de arranque.<\/p>\n<p>[\/vc_column_text][vc_empty_space height=\u00bb20px\u00bb][vc_btn title=\u00bbCont\u00e1ctanos\u00bb style=\u00bboutline\u00bb shape=\u00bbsquare\u00bb color=\u00bbinverse\u00bb align=\u00bbcenter\u00bb link=\u00bburl:http%3A%2F%2Ftechmind.mx%2Findex.php%2Fcontacto%2F|||\u00bb][\/vc_column_inner][\/vc_row_inner][\/vc_column][\/vc_row][vc_row full_width=\u00bbstretch_row_content_no_spaces\u00bb css=\u00bb.vc_custom_1580507167910{margin-top: -35px !important;}\u00bb][vc_column width=\u00bb1\/2&#8243; css=\u00bb.vc_custom_1580511928794{padding-top: 75px !important;padding-bottom: 75px !important;}\u00bb][vc_row_inner css=\u00bb.vc_custom_1580510487188{padding-right: 10% !important;padding-left: 10% !important;}\u00bb][vc_column_inner][vc_custom_heading text=\u00bbConceptualizaci\u00f3n y Bocetaje R\u00e1pido\u00bb font_container=\u00bbtag:h2|font_size:26px|text_align:center|color:%23122646|line_height:32px\u00bb use_theme_fonts=\u00bbyes\u00bb][vc_separator css=\u00bb.vc_custom_1580511302786{margin-top: 20px !important;margin-bottom: 20px !important;}\u00bb][vc_column_text css=\u00bb.vc_custom_1590563946367{padding-right: 5% !important;padding-left: 5% !important;}\u00bb]<\/p>\n<p style=\"text-align: center;\">Pasamos los datos y las ideas a un concepto y boceto, que nos dar\u00e1 la primera pauta para comenzar a tomar decisiones, analizar ventajas y desventajas de una manera m\u00e1s concreta, y decidir lo visualmente m\u00e1s atractivo.<\/p>\n<p style=\"text-align: center;\">De la mano de un experto en dise\u00f1o industrial, comenzaremos a elegir entre distintas posibilidades y opciones, el aspecto visual del producto final, en un proceso que adem\u00e1s de t\u00e9cnicamente enriquecido, permitir\u00e1 un mejor resultado final.<\/p>\n<p>[\/vc_column_text][vc_empty_space height=\u00bb20px\u00bb][vc_btn title=\u00bbCont\u00e1ctanos\u00bb style=\u00bboutline\u00bb shape=\u00bbsquare\u00bb color=\u00bbinverse\u00bb align=\u00bbcenter\u00bb link=\u00bburl:http%3A%2F%2Ftechmind.mx%2Findex.php%2Fcontacto%2F|||\u00bb][\/vc_column_inner][\/vc_row_inner][\/vc_column][vc_column width=\u00bb1\/2&#8243;][vc_single_image image=\u00bb5949&#8243; img_size=\u00bbfull\u00bb alignment=\u00bbcenter\u00bb css=\u00bb.vc_custom_1590395291376{margin-top: -25px !important;}\u00bb][\/vc_column][\/vc_row]<\/p>\n","protected":false},"excerpt":{"rendered":"<p>[vc_row full_width=\u00bbstretch_row\u00bb css=\u00bb.vc_custom_1580510073390{padding-top: 75px !important;padding-bottom: 125px !important;background-color: #01bff1 !important;}\u00bb][vc_column][vc_custom_heading text=\u00bbConceptualizaci\u00f3n de Producto\u00bb font_container=\u00bbtag:h2|font_size:16px|text_align:center|color:%23ffffff|line_height:18px\u00bb google_fonts=\u00bbfont_family:Oswald%3A300%2Cregular%2C700|font_style:400%20regular%3A400%3Anormal\u00bb css=\u00bb.vc_custom_1590394643522{padding-bottom: 15px !important;}\u00bb][vc_custom_heading text=\u00bbCONVERTIMOS UNA IDEA EN EL BOCETO Y ESQUEMA&#8230;<\/p>\n","protected":false},"author":1,"featured_media":0,"parent":0,"menu_order":0,"comment_status":"closed","ping_status":"closed","template":"","meta":[],"_links":{"self":[{"href":"https:\/\/techmind.mx\/index.php\/wp-json\/wp\/v2\/pages\/5921"}],"collection":[{"href":"https:\/\/techmind.mx\/index.php\/wp-json\/wp\/v2\/pages"}],"about":[{"href":"https:\/\/techmind.mx\/index.php\/wp-json\/wp\/v2\/types\/page"}],"author":[{"embeddable":true,"href":"https:\/\/techmind.mx\/index.php\/wp-json\/wp\/v2\/users\/1"}],"replies":[{"embeddable":true,"href":"https:\/\/techmind.mx\/index.php\/wp-json\/wp\/v2\/comments?post=5921"}],"version-history":[{"count":5,"href":"https:\/\/techmind.mx\/index.php\/wp-json\/wp\/v2\/pages\/5921\/revisions"}],"predecessor-version":[{"id":5965,"href":"https:\/\/techmind.mx\/index.php\/wp-json\/wp\/v2\/pages\/5921\/revisions\/5965"}],"wp:attachment":[{"href":"https:\/\/techmind.mx\/index.php\/wp-json\/wp\/v2\/media?parent=5921"}],"curies":[{"name":"wp","href":"https:\/\/api.w.org\/{rel}","templated":true}]}}