{"id":5977,"date":"2020-05-30T08:21:42","date_gmt":"2020-05-30T08:21:42","guid":{"rendered":"https:\/\/techmind.mx\/?page_id=5977"},"modified":"2023-01-19T01:14:36","modified_gmt":"2023-01-19T01:14:36","slug":"quienes-somos","status":"publish","type":"page","link":"https:\/\/techmind.mx\/index.php\/quienes-somos\/","title":{"rendered":"\u00bfQui\u00e9nes Somos?"},"content":{"rendered":"<p>[vc_row full_width=\u00bbstretch_row\u00bb et_uniqid=\u00bbet_custom_uniqid_5ed2361bb67a2&#8243; css=\u00bb.vc_custom_1590834737810{padding-top: 75px !important;padding-bottom: 125px !important;background-color: rgba(1,191,241,0.75) !important;*background-color: rgb(1,191,241) !important;}\u00bb _et_uniqid=\u00bbet_custom_uniqid_new_5ed2361bd141f\u00bb][vc_column][vc_custom_heading text=\u00bb\u00bfQUI\u00c9NES SOMOS?\u00bb font_container=\u00bbtag:h2|font_size:16px|text_align:center|color:%23ffffff|line_height:18px\u00bb google_fonts=\u00bbfont_family:Oswald%3A300%2Cregular%2C700|font_style:400%20regular%3A400%3Anormal\u00bb css=\u00bb.vc_custom_1590830693376{padding-bottom: 15px !important;}\u00bb][vc_custom_heading text=\u00bbUN EQUIPO DEDICADO A CONVERTIR LAS IDEAS EN PROYECTOS.<br \/>\n\u00bfQUIENES SOMOS? SOMOS MINDERS.\u00bb font_container=\u00bbtag:h2|font_size:48px|text_align:center|color:%23ffffff|line_height:58px\u00bb use_theme_fonts=\u00bbyes\u00bb][vc_custom_heading text=\u00bbHemos creado un equipo que suma m\u00e1s de 30 a\u00f1os de experiencia en dise\u00f1o de productos, creaci\u00f3n de conceptos y realizaci\u00f3n de prototipos.\u00bb font_container=\u00bbtag:p|font_size:16px|text_align:center|color:%23ffffff|line_height:22px\u00bb use_theme_fonts=\u00bbyes\u00bb css=\u00bb.vc_custom_1590830793847{padding-top: 15px !important;padding-right: 10% !important;padding-left: 10% !important;}\u00bb][\/vc_column][\/vc_row][vc_row full_width=\u00bbstretch_row_content_no_spaces\u00bb css=\u00bb.vc_custom_1580507167910{margin-top: -35px !important;}\u00bb][vc_column width=\u00bb1\/2&#8243;][vc_single_image image=\u00bb6002&#8243; img_size=\u00bbfull\u00bb alignment=\u00bbcenter\u00bb css=\u00bb.vc_custom_1590832081670{margin-top: -25px !important;}\u00bb][\/vc_column][vc_column width=\u00bb1\/2&#8243; css=\u00bb.vc_custom_1580510498029{padding-top: 75px !important;padding-bottom: 75px !important;}\u00bb][vc_empty_space height=\u00bb20px\u00bb][vc_row_inner css=\u00bb.vc_custom_1580510487188{padding-right: 10% !important;padding-left: 10% !important;}\u00bb][vc_column_inner][vc_custom_heading text=\u00bbUn Equipo de Minders\u00bb font_container=\u00bbtag:h2|font_size:26px|text_align:center|color:%23122646|line_height:32px\u00bb use_theme_fonts=\u00bbyes\u00bb][vc_separator css=\u00bb.vc_custom_1580511302786{margin-top: 20px !important;margin-bottom: 20px !important;}\u00bb][vc_column_text css=\u00bb.vc_custom_1590832235955{padding-right: 5% !important;padding-left: 5% !important;}\u00bb]<\/p>\n<p style=\"text-align: center;\">Somos un equipo formado por ingenieros, dise\u00f1adores y especialistas en negocios con m\u00e1s de 30 a\u00f1os de experiencia en investigaci\u00f3n, conceptualizaci\u00f3n, prototipado y desarrollo de producto.<\/p>\n<p style=\"text-align: center;\">Somos personas que les gusta romper con paradigmas, y encontrar las oportunidades en los problemas.<\/p>\n<p style=\"text-align: center;\">Somos tu aliado creativo para iniciar el producto que siempre so\u00f1aste, de la mano de un equipo de profesionistas que lo har\u00e1n realidad. Y de la mejor manera posible.<\/p>\n<p>[\/vc_column_text][vc_empty_space height=\u00bb20px\u00bb][vc_btn title=\u00bbCont\u00e1ctanos\u00bb style=\u00bboutline\u00bb shape=\u00bbsquare\u00bb color=\u00bbinverse\u00bb align=\u00bbcenter\u00bb link=\u00bburl:http%3A%2F%2Ftechmind.mx%2Findex.php%2Fcontacto%2F|||\u00bb][\/vc_column_inner][\/vc_row_inner][\/vc_column][\/vc_row][vc_row full_width=\u00bbstretch_row_content\u00bb et_uniqid=\u00bbet_custom_uniqid_5ed227a9626e0&#8243; _et_uniqid=\u00bbet_custom_uniqid_new_5ed22cbe9c03d\u00bb css=\u00bb.vc_custom_1590832334891{margin-top: 80px !important;margin-bottom: 80px !important;padding-right: 5% !important;padding-left: 5% !important;}\u00bb][vc_column width=\u00bb1\/6&#8243;][\/vc_column][vc_column width=\u00bb1\/6&#8243;]        <link rel=\"stylesheet\" href=\"https:\/\/techmind.mx\/wp-content\/themes\/xstore\/css\/modules\/banners\/banners-global.min.css?ver=8.2.2\" type=\"text\/css\" media=\"all\" \/> \t\t        <link rel=\"stylesheet\" href=\"https:\/\/techmind.mx\/wp-content\/themes\/xstore\/css\/modules\/banners\/team-member.min.css?ver=8.2.2\" type=\"text\/css\" media=\"all\" \/> \t\t\r\n\t\t<div class=\"team-member  team-member-746 member-type-1 image-position-left et_image-with-hover et_image-hover-2\">\r\n\r\n\t        \r\n\t\t            <div class=\"member-image\">\r\n\t\t                <img class=\" lazyload lazyload-simple et-lazyload-fadeIn \" src=\"https:\/\/techmind.mx\/wp-content\/uploads\/xstore\/xstore-placeholder-300x300.png\" data-src=\"https:\/\/techmind.mx\/wp-content\/uploads\/2020\/05\/79462555_10206794920149714_7665558003839401984_n-300x300.jpg\" width=\"300\" height=\"300\" alt=\"79462555_10206794920149714_7665558003839401984_n\" title=\"79462555_10206794920149714_7665558003839401984_n\" \/>\t\t                <div class=\"member-content\">\r\n\t\t                    \r\n        <div class=\"et-follow-buttons buttons-size-normal justify-content-center follow-378\">\r\n\r\n                                    <a href=\"http:\/\/twitter.com\/javodealba\" class=\"follow-twitter\" target=\"_blank\" rel=\"nofollow\">\r\n                            <i class=\"et-icon et-twitter\"><\/i>\r\n                                                            <span class=\"screen-reader-text\">Twitter<\/span>\r\n                                                    <\/a>\r\n                    \r\n        <\/div>\r\n\r\n        \t\t                <\/div>\r\n\t\t            <\/div>\r\n\r\n\t            \t<div class=\"clear\"><\/div>\r\n\r\n\t            \r\n\t\t\t        <div class=\"member-details text-center\">\r\n\r\n\t\t\t        \t<h4 class=\"member-name\">Javier de Alba<\/h4><h5 class=\"member-position\">Director General<\/h5><p class=\"member-email\"><span>Email:<\/span> <a href=\"mailto:javier@techmind.mx\">javier@techmind.mx<\/a><\/p><div class=\"member-content\"><\/div>\r\n\t\t\t    \t<\/div>\r\n\r\n\t\t        \r\n\t   \t<\/div>\r\n\r\n\t    [\/vc_column][vc_column width=\u00bb1\/6&#8243;]        <link rel=\"stylesheet\" href=\"https:\/\/techmind.mx\/wp-content\/themes\/xstore\/css\/modules\/banners\/banners-global.min.css?ver=8.2.2\" type=\"text\/css\" media=\"all\" \/> \t\t        <link rel=\"stylesheet\" href=\"https:\/\/techmind.mx\/wp-content\/themes\/xstore\/css\/modules\/banners\/team-member.min.css?ver=8.2.2\" type=\"text\/css\" media=\"all\" \/> \t\t\r\n\t\t<div class=\"team-member  team-member-299 member-type-1 image-position-left et_image-with-hover et_image-hover-2\">\r\n\r\n\t        \r\n\t\t            <div class=\"member-image\">\r\n\t\t                <img class=\" lazyload lazyload-simple et-lazyload-fadeIn \" src=\"https:\/\/techmind.mx\/wp-content\/uploads\/xstore\/xstore-placeholder-300x300.png\" data-src=\"https:\/\/techmind.mx\/wp-content\/uploads\/2020\/05\/38005035_2003765813008388_5777364615285440512_o-300x300.jpg\" width=\"300\" height=\"300\" alt=\"38005035_2003765813008388_5777364615285440512_o\" title=\"38005035_2003765813008388_5777364615285440512_o\" \/>\t\t                <div class=\"member-content\">\r\n\t\t                    \r\n        <div class=\"et-follow-buttons buttons-size-normal justify-content-center follow-215\">\r\n\r\n                                    <a href=\"#\" class=\"follow-twitter\" target=\"_blank\" rel=\"nofollow\">\r\n                            <i class=\"et-icon et-twitter\"><\/i>\r\n                                                            <span class=\"screen-reader-text\">Twitter<\/span>\r\n                                                    <\/a>\r\n                    \r\n        <\/div>\r\n\r\n        \t\t                <\/div>\r\n\t\t            <\/div>\r\n\r\n\t            \t<div class=\"clear\"><\/div>\r\n\r\n\t            \r\n\t\t\t        <div class=\"member-details text-center\">\r\n\r\n\t\t\t        \t<h4 class=\"member-name\">Ernesto Flores<\/h4><h5 class=\"member-position\">Director de Dise\u00f1o de Productos<\/h5><p class=\"member-email\"><span>Email:<\/span> <a href=\"mailto:ernesto@techmind.mx\">ernesto@techmind.mx<\/a><\/p><div class=\"member-content\"><\/div>\r\n\t\t\t    \t<\/div>\r\n\r\n\t\t        \r\n\t   \t<\/div>\r\n\r\n\t    [\/vc_column][vc_column width=\u00bb1\/6&#8243;]        <link rel=\"stylesheet\" href=\"https:\/\/techmind.mx\/wp-content\/themes\/xstore\/css\/modules\/banners\/banners-global.min.css?ver=8.2.2\" type=\"text\/css\" media=\"all\" \/> \t\t        <link rel=\"stylesheet\" href=\"https:\/\/techmind.mx\/wp-content\/themes\/xstore\/css\/modules\/banners\/team-member.min.css?ver=8.2.2\" type=\"text\/css\" media=\"all\" \/> \t\t\r\n\t\t<div class=\"team-member  team-member-420 member-type-1 image-position-left et_image-with-hover et_image-hover-2\">\r\n\r\n\t        \r\n\t\t            <div class=\"member-image\">\r\n\t\t                <img class=\" lazyload lazyload-simple et-lazyload-fadeIn \" src=\"https:\/\/techmind.mx\/wp-content\/uploads\/xstore\/xstore-placeholder-300x300.png\" data-src=\"https:\/\/techmind.mx\/wp-content\/uploads\/2020\/05\/10659281_10154682246600596_3498982029609511397_n-300x300.jpg\" width=\"300\" height=\"300\" alt=\"10659281_10154682246600596_3498982029609511397_n\" title=\"10659281_10154682246600596_3498982029609511397_n\" \/>\t\t                <div class=\"member-content\">\r\n\t\t                    \r\n        <div class=\"et-follow-buttons buttons-size-normal justify-content-center follow-723\">\r\n\r\n                                    <a href=\"#\" class=\"follow-twitter\" target=\"_blank\" rel=\"nofollow\">\r\n                            <i class=\"et-icon et-twitter\"><\/i>\r\n                                                            <span class=\"screen-reader-text\">Twitter<\/span>\r\n                                                    <\/a>\r\n                    \r\n        <\/div>\r\n\r\n        \t\t                <\/div>\r\n\t\t            <\/div>\r\n\r\n\t            \t<div class=\"clear\"><\/div>\r\n\r\n\t            \r\n\t\t\t        <div class=\"member-details text-center\">\r\n\r\n\t\t\t        \t<h4 class=\"member-name\">Juan Pablo Montes<\/h4><h5 class=\"member-position\">Director Comercial<\/h5><p class=\"member-email\"><span>Email:<\/span> <a href=\"mailto:jpmontes@techmind.mx\">jpmontes@techmind.mx<\/a><\/p><div class=\"member-content\"><\/div>\r\n\t\t\t    \t<\/div>\r\n\r\n\t\t        \r\n\t   \t<\/div>\r\n\r\n\t    [\/vc_column][vc_column width=\u00bb1\/6&#8243;]        <link rel=\"stylesheet\" href=\"https:\/\/techmind.mx\/wp-content\/themes\/xstore\/css\/modules\/banners\/banners-global.min.css?ver=8.2.2\" type=\"text\/css\" media=\"all\" \/> \t\t        <link rel=\"stylesheet\" href=\"https:\/\/techmind.mx\/wp-content\/themes\/xstore\/css\/modules\/banners\/team-member.min.css?ver=8.2.2\" type=\"text\/css\" media=\"all\" \/> \t\t\r\n\t\t<div class=\"team-member  team-member-151 member-type-1 image-position-left et_image-with-hover et_image-hover-2\">\r\n\r\n\t        \r\n\t\t            <div class=\"member-image\">\r\n\t\t                <img class=\" lazyload lazyload-simple et-lazyload-fadeIn \" src=\"https:\/\/techmind.mx\/wp-content\/uploads\/xstore\/xstore-placeholder-300x300.png\" data-src=\"https:\/\/techmind.mx\/wp-content\/uploads\/2020\/05\/Guy-300x300.jpg\" width=\"300\" height=\"300\" alt=\"Guy\" title=\"Guy\" \/>\t\t                <div class=\"member-content\">\r\n\t\t                    \r\n        <div class=\"et-follow-buttons buttons-size-normal justify-content-center follow-601\">\r\n\r\n                                    <a href=\"#\" class=\"follow-twitter\" target=\"_blank\" rel=\"nofollow\">\r\n                            <i class=\"et-icon et-twitter\"><\/i>\r\n                                                            <span class=\"screen-reader-text\">Twitter<\/span>\r\n                                                    <\/a>\r\n                    \r\n        <\/div>\r\n\r\n        \t\t                <\/div>\r\n\t\t            <\/div>\r\n\r\n\t            \t<div class=\"clear\"><\/div>\r\n\r\n\t            \r\n\t\t\t        <div class=\"member-details text-center\">\r\n\r\n\t\t\t        \t<h4 class=\"member-name\">Sergio Ortiz<\/h4><h5 class=\"member-position\">Dise\u00f1ador de Conceptos<\/h5><div class=\"member-content\"><\/div>\r\n\t\t\t    \t<\/div>\r\n\r\n\t\t        \r\n\t   \t<\/div>\r\n\r\n\t    [\/vc_column][vc_column width=\u00bb1\/6&#8243;]        <link rel=\"stylesheet\" href=\"https:\/\/techmind.mx\/wp-content\/themes\/xstore\/css\/modules\/banners\/banners-global.min.css?ver=8.2.2\" type=\"text\/css\" media=\"all\" \/> \t\t        <link rel=\"stylesheet\" href=\"https:\/\/techmind.mx\/wp-content\/themes\/xstore\/css\/modules\/banners\/team-member.min.css?ver=8.2.2\" type=\"text\/css\" media=\"all\" \/> \t\t\r\n\t\t<div class=\"team-member  team-member-153 member-type-1 image-position-left et_image-with-hover et_image-hover-2\">\r\n\r\n\t        \r\n\t\t            <div class=\"member-image\">\r\n\t\t                <img class=\" lazyload lazyload-simple et-lazyload-fadeIn \" src=\"https:\/\/techmind.mx\/wp-content\/uploads\/xstore\/xstore-placeholder-300x300.png\" data-src=\"https:\/\/techmind.mx\/wp-content\/uploads\/2020\/05\/Girl-300x300.jpg\" width=\"300\" height=\"300\" alt=\"Girl\" title=\"Girl\" \/>\t\t                <div class=\"member-content\">\r\n\t\t                    \r\n        <div class=\"et-follow-buttons buttons-size-normal justify-content-center follow-334\">\r\n\r\n                                    <a href=\"#\" class=\"follow-twitter\" target=\"_blank\" rel=\"nofollow\">\r\n                            <i class=\"et-icon et-twitter\"><\/i>\r\n                                                            <span class=\"screen-reader-text\">Twitter<\/span>\r\n                                                    <\/a>\r\n                    \r\n        <\/div>\r\n\r\n        \t\t                <\/div>\r\n\t\t            <\/div>\r\n\r\n\t            \t<div class=\"clear\"><\/div>\r\n\r\n\t            \r\n\t\t\t        <div class=\"member-details text-center\">\r\n\r\n\t\t\t        \t<h4 class=\"member-name\">Camila<\/h4><h5 class=\"member-position\">Dise\u00f1adora Jr.<\/h5><p class=\"member-email\"><span>Email:<\/span> <a href=\"mailto:camila@techmind.mx\">camila@techmind.mx<\/a><\/p><div class=\"member-content\"><\/div>\r\n\t\t\t    \t<\/div>\r\n\r\n\t\t        \r\n\t   \t<\/div>\r\n\r\n\t    [\/vc_column][\/vc_row]<\/p>\n","protected":false},"excerpt":{"rendered":"<p>[vc_row full_width=\u00bbstretch_row\u00bb et_uniqid=\u00bbet_custom_uniqid_5ed2361bb67a2&#8243; css=\u00bb.vc_custom_1590834737810{padding-top: 75px !important;padding-bottom: 125px !important;background-color: rgba(1,191,241,0.75) !important;*background-color: rgb(1,191,241) !important;}\u00bb _et_uniqid=\u00bbet_custom_uniqid_new_5ed2361bd141f\u00bb][vc_column][vc_custom_heading text=\u00bb\u00bfQUI\u00c9NES SOMOS?\u00bb font_container=\u00bbtag:h2|font_size:16px|text_align:center|color:%23ffffff|line_height:18px\u00bb google_fonts=\u00bbfont_family:Oswald%3A300%2Cregular%2C700|font_style:400%20regular%3A400%3Anormal\u00bb css=\u00bb.vc_custom_1590830693376{padding-bottom: 15px !important;}\u00bb][vc_custom_heading text=\u00bbUN EQUIPO DEDICADO A CONVERTIR&#8230;<\/p>\n","protected":false},"author":1,"featured_media":0,"parent":0,"menu_order":0,"comment_status":"closed","ping_status":"closed","template":"","meta":[],"_links":{"self":[{"href":"https:\/\/techmind.mx\/index.php\/wp-json\/wp\/v2\/pages\/5977"}],"collection":[{"href":"https:\/\/techmind.mx\/index.php\/wp-json\/wp\/v2\/pages"}],"about":[{"href":"https:\/\/techmind.mx\/index.php\/wp-json\/wp\/v2\/types\/page"}],"author":[{"embeddable":true,"href":"https:\/\/techmind.mx\/index.php\/wp-json\/wp\/v2\/users\/1"}],"replies":[{"embeddable":true,"href":"https:\/\/techmind.mx\/index.php\/wp-json\/wp\/v2\/comments?post=5977"}],"version-history":[{"count":6,"href":"https:\/\/techmind.mx\/index.php\/wp-json\/wp\/v2\/pages\/5977\/revisions"}],"predecessor-version":[{"id":6077,"href":"https:\/\/techmind.mx\/index.php\/wp-json\/wp\/v2\/pages\/5977\/revisions\/6077"}],"wp:attachment":[{"href":"https:\/\/techmind.mx\/index.php\/wp-json\/wp\/v2\/media?parent=5977"}],"curies":[{"name":"wp","href":"https:\/\/api.w.org\/{rel}","templated":true}]}}